{"id":369,"date":"2021-07-07T09:03:36","date_gmt":"2021-07-07T09:03:36","guid":{"rendered":"https:\/\/bridge439.qodeinteractive.com\/?page_id=369"},"modified":"2022-12-06T13:48:46","modified_gmt":"2022-12-06T13:48:46","slug":"o-nas","status":"publish","type":"page","link":"https:\/\/rapichek.com\/cz\/o-nas\/","title":{"rendered":"O n\u00e1s"},"content":{"rendered":"\t\t<div data-elementor-type=\"wp-page\" data-elementor-id=\"369\" class=\"elementor elementor-369\">\n\t\t\t\t\t\t<section class=\"elementor-section elementor-top-section elementor-element elementor-element-aa4bde7 elementor-section-full_width qode_elementor_container_inner elementor-section-height-default elementor-section-height-default parallax_section_no\" data-id=\"aa4bde7\" data-element_type=\"section\">\n\t\t\t\t\t\t<div class=\"elementor-container elementor-column-gap-default\">\n\t\t\t\t\t<div class=\"elementor-column elementor-col-100 elementor-top-column elementor-element elementor-element-224e3f9\" data-id=\"224e3f9\" data-element_type=\"column\">\n\t\t\t<div class=\"elementor-widget-wrap elementor-element-populated\">\n\t\t\t\t\t\t<div class=\"elementor-element elementor-element-4112194 elementor-widget elementor-widget-spacer\" data-id=\"4112194\" data-element_type=\"widget\" data-widget_type=\"spacer.default\">\n\t\t\t\t<div class=\"elementor-widget-container\">\n\t\t\t<style>\/*! elementor - v3.23.0 - 05-08-2024 *\/\n.elementor-column .elementor-spacer-inner{height:var(--spacer-size)}.e-con{--container-widget-width:100%}.e-con-inner>.elementor-widget-spacer,.e-con>.elementor-widget-spacer{width:var(--container-widget-width,var(--spacer-size));--align-self:var(--container-widget-align-self,initial);--flex-shrink:0}.e-con-inner>.elementor-widget-spacer>.elementor-widget-container,.e-con>.elementor-widget-spacer>.elementor-widget-container{height:100%;width:100%}.e-con-inner>.elementor-widget-spacer>.elementor-widget-container>.elementor-spacer,.e-con>.elementor-widget-spacer>.elementor-widget-container>.elementor-spacer{height:100%}.e-con-inner>.elementor-widget-spacer>.elementor-widget-container>.elementor-spacer>.elementor-spacer-inner,.e-con>.elementor-widget-spacer>.elementor-widget-container>.elementor-spacer>.elementor-spacer-inner{height:var(--container-widget-height,var(--spacer-size))}.e-con-inner>.elementor-widget-spacer.elementor-widget-empty,.e-con>.elementor-widget-spacer.elementor-widget-empty{position:relative;min-height:22px;min-width:22px}.e-con-inner>.elementor-widget-spacer.elementor-widget-empty .elementor-widget-empty-icon,.e-con>.elementor-widget-spacer.elementor-widget-empty .elementor-widget-empty-icon{position:absolute;top:0;bottom:0;left:0;right:0;margin:auto;padding:0;width:22px;height:22px}<\/style>\t\t<div class=\"elementor-spacer\">\n\t\t\t<div class=\"elementor-spacer-inner\"><\/div>\n\t\t<\/div>\n\t\t\t\t<\/div>\n\t\t\t\t<\/div>\n\t\t\t\t\t<\/div>\n\t\t<\/div>\n\t\t\t\t\t<\/div>\n\t\t<\/section>\n\t\t\t\t<section class=\"elementor-section elementor-top-section elementor-element elementor-element-a608fd9 elementor-section-boxed elementor-section-height-default elementor-section-height-default parallax_section_no qode_elementor_container_no\" data-id=\"a608fd9\" data-element_type=\"section\">\n\t\t\t\t\t\t<div class=\"elementor-container elementor-column-gap-default\">\n\t\t\t\t\t<div class=\"elementor-column elementor-col-50 elementor-top-column elementor-element elementor-element-779e8d3\" data-id=\"779e8d3\" data-element_type=\"column\">\n\t\t\t<div class=\"elementor-widget-wrap elementor-element-populated\">\n\t\t\t\t\t\t<div class=\"elementor-element elementor-element-e6e44ca elementor-widget elementor-widget-image\" data-id=\"e6e44ca\" data-element_type=\"widget\" data-widget_type=\"image.default\">\n\t\t\t\t<div class=\"elementor-widget-container\">\n\t\t\t<style>\/*! elementor - v3.23.0 - 05-08-2024 *\/\n.elementor-widget-image{text-align:center}.elementor-widget-image a{display:inline-block}.elementor-widget-image a img[src$=\".svg\"]{width:48px}.elementor-widget-image img{vertical-align:middle;display:inline-block}<\/style>\t\t\t\t\t\t\t\t\t\t<img fetchpriority=\"high\" decoding=\"async\" width=\"1000\" height=\"667\" src=\"https:\/\/rapichek.com\/cz\/wp-content\/uploads\/2022\/10\/16661953009871645446611146105713-e1666698004203.jpg\" class=\"attachment-large size-large wp-image-717\" alt=\"\" srcset=\"https:\/\/rapichek.com\/cz\/wp-content\/uploads\/2022\/10\/16661953009871645446611146105713-e1666698004203.jpg 1000w, https:\/\/rapichek.com\/cz\/wp-content\/uploads\/2022\/10\/16661953009871645446611146105713-e1666698004203-300x200.jpg 300w, https:\/\/rapichek.com\/cz\/wp-content\/uploads\/2022\/10\/16661953009871645446611146105713-e1666698004203-768x512.jpg 768w, https:\/\/rapichek.com\/cz\/wp-content\/uploads\/2022\/10\/16661953009871645446611146105713-e1666698004203-700x467.jpg 700w\" sizes=\"(max-width: 1000px) 100vw, 1000px\" \/>\t\t\t\t\t\t\t\t\t\t\t\t\t<\/div>\n\t\t\t\t<\/div>\n\t\t\t\t\t<\/div>\n\t\t<\/div>\n\t\t\t\t<div class=\"elementor-column elementor-col-50 elementor-top-column elementor-element elementor-element-71ada4d\" data-id=\"71ada4d\" data-element_type=\"column\">\n\t\t\t<div class=\"elementor-widget-wrap elementor-element-populated\">\n\t\t\t\t\t\t<div class=\"elementor-element elementor-element-a3039d9 elementor-widget elementor-widget-image\" data-id=\"a3039d9\" data-element_type=\"widget\" data-widget_type=\"image.default\">\n\t\t\t\t<div class=\"elementor-widget-container\">\n\t\t\t\t\t\t\t\t\t\t\t\t\t<img decoding=\"async\" width=\"1024\" height=\"768\" src=\"https:\/\/rapichek.com\/cz\/wp-content\/uploads\/2022\/10\/142581_bank-center-3370-1.jpg\" class=\"attachment-large size-large wp-image-432\" alt=\"\" srcset=\"https:\/\/rapichek.com\/cz\/wp-content\/uploads\/2022\/10\/142581_bank-center-3370-1.jpg 1024w, https:\/\/rapichek.com\/cz\/wp-content\/uploads\/2022\/10\/142581_bank-center-3370-1-300x225.jpg 300w, https:\/\/rapichek.com\/cz\/wp-content\/uploads\/2022\/10\/142581_bank-center-3370-1-768x576.jpg 768w, https:\/\/rapichek.com\/cz\/wp-content\/uploads\/2022\/10\/142581_bank-center-3370-1-800x600.jpg 800w, https:\/\/rapichek.com\/cz\/wp-content\/uploads\/2022\/10\/142581_bank-center-3370-1-700x525.jpg 700w\" sizes=\"(max-width: 1024px) 100vw, 1024px\" \/>\t\t\t\t\t\t\t\t\t\t\t\t\t<\/div>\n\t\t\t\t<\/div>\n\t\t\t\t\t<\/div>\n\t\t<\/div>\n\t\t\t\t\t<\/div>\n\t\t<\/section>\n\t\t\t\t<section class=\"elementor-section elementor-top-section elementor-element elementor-element-39e6773 elementor-section-boxed elementor-section-height-default elementor-section-height-default parallax_section_no qode_elementor_container_no\" data-id=\"39e6773\" data-element_type=\"section\">\n\t\t\t\t\t\t<div class=\"elementor-container elementor-column-gap-default\">\n\t\t\t\t\t<div class=\"elementor-column elementor-col-50 elementor-top-column elementor-element elementor-element-17145eb\" data-id=\"17145eb\" data-element_type=\"column\">\n\t\t\t<div class=\"elementor-widget-wrap elementor-element-populated\">\n\t\t\t\t\t\t<div class=\"elementor-element elementor-element-df1fa76 elementor-widget elementor-widget-text-editor\" data-id=\"df1fa76\" data-element_type=\"widget\" data-widget_type=\"text-editor.default\">\n\t\t\t\t<div class=\"elementor-widget-container\">\n\t\t\t<style>\/*! elementor - v3.23.0 - 05-08-2024 *\/\n.elementor-widget-text-editor.elementor-drop-cap-view-stacked .elementor-drop-cap{background-color:#69727d;color:#fff}.elementor-widget-text-editor.elementor-drop-cap-view-framed .elementor-drop-cap{color:#69727d;border:3px solid;background-color:transparent}.elementor-widget-text-editor:not(.elementor-drop-cap-view-default) .elementor-drop-cap{margin-top:8px}.elementor-widget-text-editor:not(.elementor-drop-cap-view-default) .elementor-drop-cap-letter{width:1em;height:1em}.elementor-widget-text-editor .elementor-drop-cap{float:left;text-align:center;line-height:1;font-size:50px}.elementor-widget-text-editor .elementor-drop-cap-letter{display:inline-block}<\/style>\t\t\t\t<p>The Global Wellbeing Society Ltd. (The GWBS)<\/p><p>Covent Garden district London<\/p>\t\t\t\t\t\t<\/div>\n\t\t\t\t<\/div>\n\t\t\t\t\t<\/div>\n\t\t<\/div>\n\t\t\t\t<div class=\"elementor-column elementor-col-50 elementor-top-column elementor-element elementor-element-d27cdee\" data-id=\"d27cdee\" data-element_type=\"column\">\n\t\t\t<div class=\"elementor-widget-wrap elementor-element-populated\">\n\t\t\t\t\t\t<div class=\"elementor-element elementor-element-b1adc8e elementor-widget elementor-widget-text-editor\" data-id=\"b1adc8e\" data-element_type=\"widget\" data-widget_type=\"text-editor.default\">\n\t\t\t\t<div class=\"elementor-widget-container\">\n\t\t\t\t\t\t\t<p>A-Lab Pharma<\/p><p>Budapest City Center<\/p>\t\t\t\t\t\t<\/div>\n\t\t\t\t<\/div>\n\t\t\t\t\t<\/div>\n\t\t<\/div>\n\t\t\t\t\t<\/div>\n\t\t<\/section>\n\t\t\t\t<section class=\"elementor-section elementor-top-section elementor-element elementor-element-3e2b374 elementor-section-boxed elementor-section-height-default elementor-section-height-default parallax_section_no qode_elementor_container_no\" data-id=\"3e2b374\" data-element_type=\"section\">\n\t\t\t\t\t\t<div class=\"elementor-container elementor-column-gap-default\">\n\t\t\t\t\t<div class=\"elementor-column elementor-col-100 elementor-top-column elementor-element elementor-element-688a471\" data-id=\"688a471\" data-element_type=\"column\">\n\t\t\t<div class=\"elementor-widget-wrap elementor-element-populated\">\n\t\t\t\t\t\t<div class=\"elementor-element elementor-element-eb4d287 elementor-widget elementor-widget-spacer\" data-id=\"eb4d287\" data-element_type=\"widget\" data-widget_type=\"spacer.default\">\n\t\t\t\t<div class=\"elementor-widget-container\">\n\t\t\t\t\t<div class=\"elementor-spacer\">\n\t\t\t<div class=\"elementor-spacer-inner\"><\/div>\n\t\t<\/div>\n\t\t\t\t<\/div>\n\t\t\t\t<\/div>\n\t\t\t\t\t<\/div>\n\t\t<\/div>\n\t\t\t\t\t<\/div>\n\t\t<\/section>\n\t\t\t\t<section class=\"elementor-section elementor-top-section elementor-element elementor-element-097d054 elementor-section-boxed elementor-section-height-default elementor-section-height-default parallax_section_no qode_elementor_container_no\" data-id=\"097d054\" data-element_type=\"section\">\n\t\t\t\t\t\t<div class=\"elementor-container elementor-column-gap-default\">\n\t\t\t\t\t<div class=\"elementor-column elementor-col-100 elementor-top-column elementor-element elementor-element-ff0369e\" data-id=\"ff0369e\" data-element_type=\"column\">\n\t\t\t<div class=\"elementor-widget-wrap elementor-element-populated\">\n\t\t\t\t\t\t<div class=\"elementor-element elementor-element-fdf14e2 elementor-widget elementor-widget-heading\" data-id=\"fdf14e2\" data-element_type=\"widget\" data-widget_type=\"heading.default\">\n\t\t\t\t<div class=\"elementor-widget-container\">\n\t\t\t<style>\/*! elementor - v3.23.0 - 05-08-2024 *\/\n.elementor-heading-title{padding:0;margin:0;line-height:1}.elementor-widget-heading .elementor-heading-title[class*=elementor-size-]>a{color:inherit;font-size:inherit;line-height:inherit}.elementor-widget-heading .elementor-heading-title.elementor-size-small{font-size:15px}.elementor-widget-heading .elementor-heading-title.elementor-size-medium{font-size:19px}.elementor-widget-heading .elementor-heading-title.elementor-size-large{font-size:29px}.elementor-widget-heading .elementor-heading-title.elementor-size-xl{font-size:39px}.elementor-widget-heading .elementor-heading-title.elementor-size-xxl{font-size:59px}<\/style><h2 class=\"elementor-heading-title elementor-size-default\">O n\u00e1s<\/h2>\t\t<\/div>\n\t\t\t\t<\/div>\n\t\t\t\t\t<\/div>\n\t\t<\/div>\n\t\t\t\t\t<\/div>\n\t\t<\/section>\n\t\t\t\t<section class=\"elementor-section elementor-top-section elementor-element elementor-element-5bb4d8a elementor-section-full_width qode_elementor_container_inner elementor-section-height-default elementor-section-height-default parallax_section_no\" data-id=\"5bb4d8a\" data-element_type=\"section\">\n\t\t\t\t\t\t<div class=\"elementor-container elementor-column-gap-default\">\n\t\t\t\t\t<div class=\"elementor-column elementor-col-50 elementor-top-column elementor-element elementor-element-1c06159\" data-id=\"1c06159\" data-element_type=\"column\">\n\t\t\t<div class=\"elementor-widget-wrap elementor-element-populated\">\n\t\t\t\t\t\t<div class=\"elementor-element elementor-element-8e2bdfc elementor-widget elementor-widget-text-editor\" data-id=\"8e2bdfc\" data-element_type=\"widget\" data-widget_type=\"text-editor.default\">\n\t\t\t\t<div class=\"elementor-widget-container\">\n\t\t\t\t\t\t\t<p>Lond\u00fdnsk\u00e1 spole\u010dnost The Global Wellbeing Society Ltd. (GWBS), vlastn\u00edk ochrann\u00e9 zn\u00e1mky RapiChek, odpov\u00edd\u00e1 za celosv\u011btovou distribuci portfolia v\u00fdrobk\u016f RapiChek a distribuci ve Spojen\u00e9m kr\u00e1lovstv\u00ed. Spole\u010dnost investuje do nov\u00fdch n\u00e1pad\u016f v oblasti zdravotn\u00ed p\u00e9\u010de, du\u0161evn\u00ed pohody a chytr\u00e9ho bydlen\u00ed, v\u010detn\u011b obnoviteln\u00fdch zdroj\u016f energie.<\/p><p>GWBS \u0159\u00edd\u00ed projekty r\u016fzn\u00e9 povahy. Poskytuje licence na zna\u010dky (RapiChek a Solor Batteries) a z\u00e1rove\u0148 koordinuje a dohl\u00ed\u017e\u00ed na distribuci aktiv licencovan\u00fdch zna\u010dek. Krom\u011b sv\u00fdch komer\u010dn\u00edch aktivit bude GWBS st\u00e1le v\u00edce investovat v\u00fdnosy do projekt\u016f zam\u011b\u0159en\u00fdch na du\u0161evn\u00ed zdrav\u00ed, nap\u0159\u00edklad do svoj\u00ed nov\u00e9 zpr\u00e1vy State of Global Wellbeing (Stav glob\u00e1ln\u00edho du\u0161evn\u00edho zdrav\u00ed) nebo toho nejpresti\u017en\u011bj\u0161\u00ed sv\u011btov\u00e9ho ocen\u011bn\u00ed za udr\u017eitelnou a inovativn\u00ed kosmetiku, hotely a potravin\u00e1\u0159sk\u00e9 v\u00fdrobky Global Beauty and Wellness Awards, kter\u00e9 tu je s n\u00e1mi ji\u017e 3 roky.<\/p>\t\t\t\t\t\t<\/div>\n\t\t\t\t<\/div>\n\t\t\t\t\t<\/div>\n\t\t<\/div>\n\t\t\t\t<div class=\"elementor-column elementor-col-50 elementor-top-column elementor-element elementor-element-708a9e6\" data-id=\"708a9e6\" data-element_type=\"column\">\n\t\t\t<div class=\"elementor-widget-wrap elementor-element-populated\">\n\t\t\t\t\t\t<div class=\"elementor-element elementor-element-bac0f2f elementor-widget elementor-widget-text-editor\" data-id=\"bac0f2f\" data-element_type=\"widget\" data-widget_type=\"text-editor.default\">\n\t\t\t\t<div class=\"elementor-widget-container\">\n\t\t\t\t\t\t\t<p>Spole\u010dnost A-Lab Pharma (Arvali Ltd.) zalo\u017een\u00e1 v roce 2008 m\u00e1 rozs\u00e1hl\u00e9 zku\u0161enosti v oblasti zdravotnick\u00fdch prost\u0159edk\u016f a potravinov\u00fdch dopl\u0148k\u016f. Provoz i distribuci zna\u010dky RapiChek<\/p><p>podporuje sv\u00fdm nejmodern\u011bj\u0161\u00edm skladem v srdci kontinent\u00e1ln\u00ed Evropy, d\u00edky n\u011bmu\u017e je RapiChek dostupn\u00fd ve v\u0161ech zem\u00edch EU do 48\u201372 hodin. Spole\u010dnost m\u00e1 20 zam\u011bstnanc\u016f a jej\u00ed odhadovan\u00e9 tr\u017eby v roce 2022 dos\u00e1hnou 4,5 mil. EUR.<\/p><p>Spole\u010dnost RapiChek spolupracuje na jednotliv\u00fdch trz\u00edch EU pouze s jedn\u00edm nebo dv\u011bma zku\u0161en\u00fdmi distributory. T\u00edm je mo\u017en\u00e9 zajistit konzistentnost zna\u010dky a prodeje i edukaci spot\u0159ebitel\u016f \u2013 v\u0161e koordinuje a podporuje jej\u00ed t\u00fdm odborn\u00edk\u016f z oblasti medic\u00edny, farmacie, marketingu, prodeje, regulace a logistiky.\u00a0<\/p>\t\t\t\t\t\t<\/div>\n\t\t\t\t<\/div>\n\t\t\t\t\t<\/div>\n\t\t<\/div>\n\t\t\t\t\t<\/div>\n\t\t<\/section>\n\t\t\t\t<\/div>\n\t\t","protected":false},"excerpt":{"rendered":"<p>The Global Wellbeing Society Ltd. (The GWBS) Covent Garden district London A-Lab Pharma Budapest City Center O n\u00e1s Lond\u00fdnsk\u00e1 spole\u010dnost The Global Wellbeing Society Ltd. (GWBS), vlastn\u00edk ochrann\u00e9 zn\u00e1mky RapiChek, odpov\u00edd\u00e1 za celosv\u011btovou distribuci portfolia v\u00fdrobk\u016f RapiChek a distribuci ve Spojen\u00e9m kr\u00e1lovstv\u00ed. Spole\u010dnost investuje do&#8230;<\/p>\n","protected":false},"author":1,"featured_media":0,"parent":0,"menu_order":0,"comment_status":"closed","ping_status":"closed","template":"full_width.php","meta":{"footnotes":""},"class_list":["post-369","page","type-page","status-publish","hentry"],"aioseo_notices":[],"_links":{"self":[{"href":"https:\/\/rapichek.com\/cz\/wp-json\/wp\/v2\/pages\/369","targetHints":{"allow":["GET"]}}],"collection":[{"href":"https:\/\/rapichek.com\/cz\/wp-json\/wp\/v2\/pages"}],"about":[{"href":"https:\/\/rapichek.com\/cz\/wp-json\/wp\/v2\/types\/page"}],"author":[{"embeddable":true,"href":"https:\/\/rapichek.com\/cz\/wp-json\/wp\/v2\/users\/1"}],"replies":[{"embeddable":true,"href":"https:\/\/rapichek.com\/cz\/wp-json\/wp\/v2\/comments?post=369"}],"version-history":[{"count":40,"href":"https:\/\/rapichek.com\/cz\/wp-json\/wp\/v2\/pages\/369\/revisions"}],"predecessor-version":[{"id":1230,"href":"https:\/\/rapichek.com\/cz\/wp-json\/wp\/v2\/pages\/369\/revisions\/1230"}],"wp:attachment":[{"href":"https:\/\/rapichek.com\/cz\/wp-json\/wp\/v2\/media?parent=369"}],"curies":[{"name":"wp","href":"https:\/\/api.w.org\/{rel}","templated":true}]}}