{"id":442,"date":"2022-10-19T10:15:30","date_gmt":"2022-10-19T10:15:30","guid":{"rendered":"http:\/\/rapichek.com\/?page_id=442"},"modified":"2022-12-11T16:15:13","modified_gmt":"2022-12-11T16:15:13","slug":"rapichek-influenza-a-b-sars-cov-2","status":"publish","type":"page","link":"https:\/\/rapichek.com\/cz\/rapichek-influenza-a-b-sars-cov-2\/","title":{"rendered":"Souprava kombinovan\u00fdch antigenn\u00edch rychlotest\u016f RAPICHEK SARS-CoV-2 &amp; In\ufb02uenza A\/B (LFIA)"},"content":{"rendered":"\t\t<div data-elementor-type=\"wp-page\" data-elementor-id=\"442\" class=\"elementor elementor-442\">\n\t\t\t\t\t\t<section class=\"elementor-section elementor-top-section elementor-element elementor-element-9f0f42b elementor-section-boxed elementor-section-height-default elementor-section-height-default parallax_section_no qode_elementor_container_no\" data-id=\"9f0f42b\" data-element_type=\"section\">\n\t\t\t\t\t\t<div class=\"elementor-container elementor-column-gap-default\">\n\t\t\t\t\t<div class=\"elementor-column elementor-col-50 elementor-top-column elementor-element elementor-element-59528d9\" data-id=\"59528d9\" data-element_type=\"column\">\n\t\t\t<div class=\"elementor-widget-wrap elementor-element-populated\">\n\t\t\t\t\t\t<div class=\"elementor-element elementor-element-1aec56e elementor-widget elementor-widget-image\" data-id=\"1aec56e\" data-element_type=\"widget\" data-widget_type=\"image.default\">\n\t\t\t\t<div class=\"elementor-widget-container\">\n\t\t\t<style>\/*! elementor - v3.23.0 - 05-08-2024 *\/\n.elementor-widget-image{text-align:center}.elementor-widget-image a{display:inline-block}.elementor-widget-image a img[src$=\".svg\"]{width:48px}.elementor-widget-image img{vertical-align:middle;display:inline-block}<\/style>\t\t\t\t\t\t\t\t\t\t<img decoding=\"async\" width=\"94\" height=\"300\" src=\"https:\/\/rapichek.com\/cz\/wp-content\/uploads\/2022\/10\/SARS_COV_FLUAB-1-94x300.png\" class=\"attachment-medium size-medium wp-image-399\" alt=\"\" srcset=\"https:\/\/rapichek.com\/cz\/wp-content\/uploads\/2022\/10\/SARS_COV_FLUAB-1-94x300.png 94w, https:\/\/rapichek.com\/cz\/wp-content\/uploads\/2022\/10\/SARS_COV_FLUAB-1-320x1024.png 320w, https:\/\/rapichek.com\/cz\/wp-content\/uploads\/2022\/10\/SARS_COV_FLUAB-1-480x1536.png 480w, https:\/\/rapichek.com\/cz\/wp-content\/uploads\/2022\/10\/SARS_COV_FLUAB-1.png 507w\" sizes=\"(max-width: 94px) 100vw, 94px\" \/>\t\t\t\t\t\t\t\t\t\t\t\t\t<\/div>\n\t\t\t\t<\/div>\n\t\t\t\t<div class=\"elementor-element elementor-element-6568197 elementor-widget elementor-widget-spacer\" data-id=\"6568197\" data-element_type=\"widget\" data-widget_type=\"spacer.default\">\n\t\t\t\t<div class=\"elementor-widget-container\">\n\t\t\t<style>\/*! elementor - v3.23.0 - 05-08-2024 *\/\n.elementor-column .elementor-spacer-inner{height:var(--spacer-size)}.e-con{--container-widget-width:100%}.e-con-inner>.elementor-widget-spacer,.e-con>.elementor-widget-spacer{width:var(--container-widget-width,var(--spacer-size));--align-self:var(--container-widget-align-self,initial);--flex-shrink:0}.e-con-inner>.elementor-widget-spacer>.elementor-widget-container,.e-con>.elementor-widget-spacer>.elementor-widget-container{height:100%;width:100%}.e-con-inner>.elementor-widget-spacer>.elementor-widget-container>.elementor-spacer,.e-con>.elementor-widget-spacer>.elementor-widget-container>.elementor-spacer{height:100%}.e-con-inner>.elementor-widget-spacer>.elementor-widget-container>.elementor-spacer>.elementor-spacer-inner,.e-con>.elementor-widget-spacer>.elementor-widget-container>.elementor-spacer>.elementor-spacer-inner{height:var(--container-widget-height,var(--spacer-size))}.e-con-inner>.elementor-widget-spacer.elementor-widget-empty,.e-con>.elementor-widget-spacer.elementor-widget-empty{position:relative;min-height:22px;min-width:22px}.e-con-inner>.elementor-widget-spacer.elementor-widget-empty .elementor-widget-empty-icon,.e-con>.elementor-widget-spacer.elementor-widget-empty .elementor-widget-empty-icon{position:absolute;top:0;bottom:0;left:0;right:0;margin:auto;padding:0;width:22px;height:22px}<\/style>\t\t<div class=\"elementor-spacer\">\n\t\t\t<div class=\"elementor-spacer-inner\"><\/div>\n\t\t<\/div>\n\t\t\t\t<\/div>\n\t\t\t\t<\/div>\n\t\t\t\t<div class=\"elementor-element elementor-element-333f2b3 elementor-align-center elementor-widget elementor-widget-button\" data-id=\"333f2b3\" data-element_type=\"widget\" data-widget_type=\"button.default\">\n\t\t\t\t<div class=\"elementor-widget-container\">\n\t\t\t\t\t<div class=\"elementor-button-wrapper\">\n\t\t\t<a class=\"elementor-button elementor-button-link elementor-size-lg\" href=\"https:\/\/rapidtest-lab.com\/en\/termek\/sars-cov-2-influenza-a-b-antigen-combo-rapid-test-kit-lfia\/\">\n\t\t\t\t\t\t<span class=\"elementor-button-content-wrapper\">\n\t\t\t\t\t\t\t\t\t<span class=\"elementor-button-text\">Webshop<\/span>\n\t\t\t\t\t<\/span>\n\t\t\t\t\t<\/a>\n\t\t<\/div>\n\t\t\t\t<\/div>\n\t\t\t\t<\/div>\n\t\t\t\t\t<\/div>\n\t\t<\/div>\n\t\t\t\t<div class=\"elementor-column elementor-col-50 elementor-top-column elementor-element elementor-element-1c5b05f\" data-id=\"1c5b05f\" data-element_type=\"column\">\n\t\t\t<div class=\"elementor-widget-wrap elementor-element-populated\">\n\t\t\t\t\t\t<div class=\"elementor-element elementor-element-94652b2 elementor-widget elementor-widget-text-editor\" data-id=\"94652b2\" data-element_type=\"widget\" data-widget_type=\"text-editor.default\">\n\t\t\t\t<div class=\"elementor-widget-container\">\n\t\t\t<style>\/*! elementor - v3.23.0 - 05-08-2024 *\/\n.elementor-widget-text-editor.elementor-drop-cap-view-stacked .elementor-drop-cap{background-color:#69727d;color:#fff}.elementor-widget-text-editor.elementor-drop-cap-view-framed .elementor-drop-cap{color:#69727d;border:3px solid;background-color:transparent}.elementor-widget-text-editor:not(.elementor-drop-cap-view-default) .elementor-drop-cap{margin-top:8px}.elementor-widget-text-editor:not(.elementor-drop-cap-view-default) .elementor-drop-cap-letter{width:1em;height:1em}.elementor-widget-text-editor .elementor-drop-cap{float:left;text-align:center;line-height:1;font-size:50px}.elementor-widget-text-editor .elementor-drop-cap-letter{display:inline-block}<\/style>\t\t\t\t<p>Pro bezbolestn\u00e9 zji\u0161t\u011bn\u00ed infekce a infek\u010dnosti v souvislosti s covidem-19 a ch\u0159ipkou typu A\/B ve st\u011brech z p\u0159edn\u00ed \u010d\u00e1sti nosu.<\/p><p>-K proveden\u00ed testu a identifikaci p\u0159\u00ed\u010diny infekce (covid-19 \/ ch\u0159ipka typu A\/B nebo jin\u00e1 infekce) sta\u010d\u00ed jeden krok.<\/p><p>-V\u00fdsledky do 15 minut!<\/p><p>-Specifita: 100% (covid-19 a ch\u0159ipka typu A\/B)<\/p><p>-Citlivost: Covid-19: 95,23 % Ct\u226425 (vysok\u00e1 infek\u010dnost), 86,4 % Ct&lt;37 (v\u0161echny PCR vzorky pozitivn\u00ed), ch\u0159ipka A\/B: 91,96 %<\/p>\t\t\t\t\t\t<\/div>\n\t\t\t\t<\/div>\n\t\t\t\t\t<\/div>\n\t\t<\/div>\n\t\t\t\t\t<\/div>\n\t\t<\/section>\n\t\t\t\t<\/div>\n\t\t","protected":false},"excerpt":{"rendered":"<p>Webshop Pro bezbolestn\u00e9 zji\u0161t\u011bn\u00ed infekce a infek\u010dnosti v souvislosti s covidem-19 a ch\u0159ipkou typu A\/B ve st\u011brech z p\u0159edn\u00ed \u010d\u00e1sti nosu. -K proveden\u00ed testu a identifikaci p\u0159\u00ed\u010diny infekce (covid-19 \/ ch\u0159ipka typu A\/B nebo jin\u00e1 infekce) sta\u010d\u00ed jeden krok. -V\u00fdsledky do 15 minut! -Specifita: 100%&#8230;<\/p>\n","protected":false},"author":1,"featured_media":0,"parent":0,"menu_order":0,"comment_status":"closed","ping_status":"closed","template":"","meta":{"footnotes":""},"class_list":["post-442","page","type-page","status-publish","hentry"],"aioseo_notices":[],"_links":{"self":[{"href":"https:\/\/rapichek.com\/cz\/wp-json\/wp\/v2\/pages\/442","targetHints":{"allow":["GET"]}}],"collection":[{"href":"https:\/\/rapichek.com\/cz\/wp-json\/wp\/v2\/pages"}],"about":[{"href":"https:\/\/rapichek.com\/cz\/wp-json\/wp\/v2\/types\/page"}],"author":[{"embeddable":true,"href":"https:\/\/rapichek.com\/cz\/wp-json\/wp\/v2\/users\/1"}],"replies":[{"embeddable":true,"href":"https:\/\/rapichek.com\/cz\/wp-json\/wp\/v2\/comments?post=442"}],"version-history":[{"count":55,"href":"https:\/\/rapichek.com\/cz\/wp-json\/wp\/v2\/pages\/442\/revisions"}],"predecessor-version":[{"id":1278,"href":"https:\/\/rapichek.com\/cz\/wp-json\/wp\/v2\/pages\/442\/revisions\/1278"}],"wp:attachment":[{"href":"https:\/\/rapichek.com\/cz\/wp-json\/wp\/v2\/media?parent=442"}],"curies":[{"name":"wp","href":"https:\/\/api.w.org\/{rel}","templated":true}]}}