{"id":442,"date":"2022-10-19T10:15:30","date_gmt":"2022-10-19T10:15:30","guid":{"rendered":"http:\/\/rapichek.com\/?page_id=442"},"modified":"2022-11-29T16:30:12","modified_gmt":"2022-11-29T16:30:12","slug":"rapichek-kombiniert-schnelltest","status":"publish","type":"page","link":"https:\/\/rapichek.com\/de\/rapichek-kombiniert-schnelltest\/","title":{"rendered":"RAPICHEK INFLUENZA A\/B \/ SARS-COV-2 SCHNELLTEST"},"content":{"rendered":"\t\t<div data-elementor-type=\"wp-page\" data-elementor-id=\"442\" class=\"elementor elementor-442\">\n\t\t\t\t\t\t<section class=\"elementor-section elementor-top-section elementor-element elementor-element-9f0f42b elementor-section-boxed elementor-section-height-default elementor-section-height-default parallax_section_no qode_elementor_container_no\" data-id=\"9f0f42b\" data-element_type=\"section\">\n\t\t\t\t\t\t<div class=\"elementor-container elementor-column-gap-default\">\n\t\t\t\t\t<div class=\"elementor-column elementor-col-50 elementor-top-column elementor-element elementor-element-59528d9\" data-id=\"59528d9\" data-element_type=\"column\">\n\t\t\t<div class=\"elementor-widget-wrap elementor-element-populated\">\n\t\t\t\t\t\t<div class=\"elementor-element elementor-element-1aec56e elementor-widget elementor-widget-image\" data-id=\"1aec56e\" data-element_type=\"widget\" data-widget_type=\"image.default\">\n\t\t\t\t<div class=\"elementor-widget-container\">\n\t\t\t<style>\/*! elementor - v3.23.0 - 05-08-2024 *\/\n.elementor-widget-image{text-align:center}.elementor-widget-image a{display:inline-block}.elementor-widget-image a img[src$=\".svg\"]{width:48px}.elementor-widget-image img{vertical-align:middle;display:inline-block}<\/style>\t\t\t\t\t\t\t\t\t\t<img decoding=\"async\" width=\"94\" height=\"300\" src=\"https:\/\/rapichek.com\/de\/wp-content\/uploads\/2022\/10\/SARS_COV_FLUAB-1-94x300.png\" class=\"attachment-medium size-medium wp-image-399\" alt=\"\" srcset=\"https:\/\/rapichek.com\/de\/wp-content\/uploads\/2022\/10\/SARS_COV_FLUAB-1-94x300.png 94w, https:\/\/rapichek.com\/de\/wp-content\/uploads\/2022\/10\/SARS_COV_FLUAB-1-320x1024.png 320w, https:\/\/rapichek.com\/de\/wp-content\/uploads\/2022\/10\/SARS_COV_FLUAB-1-480x1536.png 480w, https:\/\/rapichek.com\/de\/wp-content\/uploads\/2022\/10\/SARS_COV_FLUAB-1-6x20.png 6w, https:\/\/rapichek.com\/de\/wp-content\/uploads\/2022\/10\/SARS_COV_FLUAB-1.png 507w\" sizes=\"(max-width: 94px) 100vw, 94px\" \/>\t\t\t\t\t\t\t\t\t\t\t\t\t<\/div>\n\t\t\t\t<\/div>\n\t\t\t\t<div class=\"elementor-element elementor-element-6568197 elementor-widget elementor-widget-spacer\" data-id=\"6568197\" data-element_type=\"widget\" data-widget_type=\"spacer.default\">\n\t\t\t\t<div class=\"elementor-widget-container\">\n\t\t\t<style>\/*! elementor - v3.23.0 - 05-08-2024 *\/\n.elementor-column .elementor-spacer-inner{height:var(--spacer-size)}.e-con{--container-widget-width:100%}.e-con-inner>.elementor-widget-spacer,.e-con>.elementor-widget-spacer{width:var(--container-widget-width,var(--spacer-size));--align-self:var(--container-widget-align-self,initial);--flex-shrink:0}.e-con-inner>.elementor-widget-spacer>.elementor-widget-container,.e-con>.elementor-widget-spacer>.elementor-widget-container{height:100%;width:100%}.e-con-inner>.elementor-widget-spacer>.elementor-widget-container>.elementor-spacer,.e-con>.elementor-widget-spacer>.elementor-widget-container>.elementor-spacer{height:100%}.e-con-inner>.elementor-widget-spacer>.elementor-widget-container>.elementor-spacer>.elementor-spacer-inner,.e-con>.elementor-widget-spacer>.elementor-widget-container>.elementor-spacer>.elementor-spacer-inner{height:var(--container-widget-height,var(--spacer-size))}.e-con-inner>.elementor-widget-spacer.elementor-widget-empty,.e-con>.elementor-widget-spacer.elementor-widget-empty{position:relative;min-height:22px;min-width:22px}.e-con-inner>.elementor-widget-spacer.elementor-widget-empty .elementor-widget-empty-icon,.e-con>.elementor-widget-spacer.elementor-widget-empty .elementor-widget-empty-icon{position:absolute;top:0;bottom:0;left:0;right:0;margin:auto;padding:0;width:22px;height:22px}<\/style>\t\t<div class=\"elementor-spacer\">\n\t\t\t<div class=\"elementor-spacer-inner\"><\/div>\n\t\t<\/div>\n\t\t\t\t<\/div>\n\t\t\t\t<\/div>\n\t\t\t\t<div class=\"elementor-element elementor-element-333f2b3 elementor-align-center elementor-widget elementor-widget-button\" data-id=\"333f2b3\" data-element_type=\"widget\" data-widget_type=\"button.default\">\n\t\t\t\t<div class=\"elementor-widget-container\">\n\t\t\t\t\t<div class=\"elementor-button-wrapper\">\n\t\t\t<a class=\"elementor-button elementor-button-link elementor-size-lg\" href=\"https:\/\/rapidtest-lab.com\/en\/termek\/sars-cov-2-influenza-a-b-antigen-combo-rapid-test-kit-lfia\/\">\n\t\t\t\t\t\t<span class=\"elementor-button-content-wrapper\">\n\t\t\t\t\t\t\t\t\t<span class=\"elementor-button-text\">Zum Webshop<\/span>\n\t\t\t\t\t<\/span>\n\t\t\t\t\t<\/a>\n\t\t<\/div>\n\t\t\t\t<\/div>\n\t\t\t\t<\/div>\n\t\t\t\t\t<\/div>\n\t\t<\/div>\n\t\t\t\t<div class=\"elementor-column elementor-col-50 elementor-top-column elementor-element elementor-element-1c5b05f\" data-id=\"1c5b05f\" data-element_type=\"column\">\n\t\t\t<div class=\"elementor-widget-wrap elementor-element-populated\">\n\t\t\t\t\t\t<div class=\"elementor-element elementor-element-94652b2 elementor-widget elementor-widget-text-editor\" data-id=\"94652b2\" data-element_type=\"widget\" data-widget_type=\"text-editor.default\">\n\t\t\t\t<div class=\"elementor-widget-container\">\n\t\t\t<style>\/*! elementor - v3.23.0 - 05-08-2024 *\/\n.elementor-widget-text-editor.elementor-drop-cap-view-stacked .elementor-drop-cap{background-color:#69727d;color:#fff}.elementor-widget-text-editor.elementor-drop-cap-view-framed .elementor-drop-cap{color:#69727d;border:3px solid;background-color:transparent}.elementor-widget-text-editor:not(.elementor-drop-cap-view-default) .elementor-drop-cap{margin-top:8px}.elementor-widget-text-editor:not(.elementor-drop-cap-view-default) .elementor-drop-cap-letter{width:1em;height:1em}.elementor-widget-text-editor .elementor-drop-cap{float:left;text-align:center;line-height:1;font-size:50px}.elementor-widget-text-editor .elementor-drop-cap-letter{display:inline-block}<\/style>\t\t\t\t<p>Schmerzloser Nachweis von COVID-19-<\/p><p>Infektionen und Influenza-Infektiosit\u00e4t &#8211;<\/p><p>aus der Nasenh\u00f6hle<\/p><p>\u2022 Ein Test kann feststellen, ob COVID-19<\/p><p>oder eine Influenza die Symptome<\/p><p>verursacht<br \/>\u2022\u00a0Ergebnis in nur 15 Minuten!<br \/>\u2022Spezifit\u00e4t: 100% (auch f\u00fcr COVID-19 und Influenza A\/B)<\/p><p>\u2022Sensitivit\u00e4t: COVID-19: 95,23 % im Falle von Ct\u226425 (typischer infekti\u00f6ser Zustand), 86,4 % f\u00fcr die gesamte Stichprobe (einschlie\u00dflich F\u00e4llen mit hoher und niedriger Viruskonzentration)<\/p><p>\u2022Sensitivit\u00e4t: Influenza A\/B: 91,96%<\/p>\t\t\t\t\t\t<\/div>\n\t\t\t\t<\/div>\n\t\t\t\t\t<\/div>\n\t\t<\/div>\n\t\t\t\t\t<\/div>\n\t\t<\/section>\n\t\t\t\t<section class=\"elementor-section elementor-top-section elementor-element elementor-element-9b52da8 elementor-section-boxed elementor-section-height-default elementor-section-height-default parallax_section_no qode_elementor_container_no\" data-id=\"9b52da8\" data-element_type=\"section\">\n\t\t\t\t\t\t<div class=\"elementor-container elementor-column-gap-default\">\n\t\t\t\t\t<div class=\"elementor-column elementor-col-100 elementor-top-column elementor-element elementor-element-f2d621e\" data-id=\"f2d621e\" data-element_type=\"column\">\n\t\t\t<div class=\"elementor-widget-wrap elementor-element-populated\">\n\t\t\t\t\t\t<div class=\"elementor-element elementor-element-7acaf93 elementor-widget elementor-widget-heading\" data-id=\"7acaf93\" data-element_type=\"widget\" data-widget_type=\"heading.default\">\n\t\t\t\t<div class=\"elementor-widget-container\">\n\t\t\t<style>\/*! elementor - v3.23.0 - 05-08-2024 *\/\n.elementor-heading-title{padding:0;margin:0;line-height:1}.elementor-widget-heading .elementor-heading-title[class*=elementor-size-]>a{color:inherit;font-size:inherit;line-height:inherit}.elementor-widget-heading .elementor-heading-title.elementor-size-small{font-size:15px}.elementor-widget-heading .elementor-heading-title.elementor-size-medium{font-size:19px}.elementor-widget-heading .elementor-heading-title.elementor-size-large{font-size:29px}.elementor-widget-heading .elementor-heading-title.elementor-size-xl{font-size:39px}.elementor-widget-heading .elementor-heading-title.elementor-size-xxl{font-size:59px}<\/style><h2 class=\"elementor-heading-title elementor-size-default\">RAPICHEK INFLUENZA A\/B \/ SARS-COV-2 TESTSCHRITTE:<\/h2>\t\t<\/div>\n\t\t\t\t<\/div>\n\t\t\t\t<div class=\"elementor-element elementor-element-1e55c71 elementor-widget elementor-widget-text-editor\" data-id=\"1e55c71\" data-element_type=\"widget\" data-widget_type=\"text-editor.default\">\n\t\t\t\t<div class=\"elementor-widget-container\">\n\t\t\t\t\t\t\t<p>1, Rei\u00dfen Sie den Verschluss der Lysepufferl\u00f6sung ab und legen Sie sie auf das Reagenzglasgestell.<\/p><p>2, F\u00fchren Sie den Tupfer (mit der gr\u00f6\u00dferen, saugf\u00e4higen Spitze des Applikator Drehen Sie den Tupfer mindestens 5 Mal vorsichtig in einer kreisf\u00f6rmigen Bewegung \u00fcber die Innenseite des Nasenlochs. Wiederholen Sie den Vorgang mit demselben Tupfer im anderen Nasenloch.<\/p><p>3, F\u00fchren Sie den Tupfer in das Probenr\u00f6hrchen ein und drehen Sie den Tupfer 10 Mal, wobei Sie ihn gegen die Innenwand des R\u00f6hrchens dr\u00fccken.<\/p><p>4, Dr\u00fccken Sie den Tupfer 5 Mal durch die \u00e4u\u00dfere R\u00f6hrenwand. Heben Sie den Tupfer \u00fcber den Pegel der Pufferl\u00f6sung, dr\u00fccken Sie den Tupfer durch einmaliges Dr\u00fccken auf die \u00e4u\u00dfere R\u00f6hrchenwand zusammen, um die Probe so weit wie m\u00f6glich im R\u00f6hrchen zu halten.<\/p><p>5, Brechen Sie den Tupfer ab und bedecken Sie das R\u00f6hrchen mit dem Tropfer.<\/p><p>6, Geben Sie 4 Tropfen des verarbeiteten Probenextrakts in die Probenvertiefung.<\/p><p>7, Lesen Sie die Ergebnisse innerhalb von 15-20 Minuten.<\/p><p>\u00a0<\/p>\t\t\t\t\t\t<\/div>\n\t\t\t\t<\/div>\n\t\t\t\t\t<\/div>\n\t\t<\/div>\n\t\t\t\t\t<\/div>\n\t\t<\/section>\n\t\t\t\t<\/div>\n\t\t","protected":false},"excerpt":{"rendered":"<p>Zum Webshop Schmerzloser Nachweis von COVID-19- Infektionen und Influenza-Infektiosit\u00e4t &#8211; aus der Nasenh\u00f6hle \u2022 Ein Test kann feststellen, ob COVID-19 oder eine Influenza die Symptome verursacht\u2022\u00a0Ergebnis in nur 15 Minuten!\u2022Spezifit\u00e4t: 100% (auch f\u00fcr COVID-19 und Influenza A\/B) \u2022Sensitivit\u00e4t: COVID-19: 95,23 % im Falle von Ct\u226425&#8230;<\/p>\n","protected":false},"author":1,"featured_media":0,"parent":0,"menu_order":0,"comment_status":"closed","ping_status":"closed","template":"","meta":{"footnotes":""},"class_list":["post-442","page","type-page","status-publish","hentry"],"yoast_head":"<!-- This site is optimized with the Yoast SEO plugin v23.4 - https:\/\/yoast.com\/wordpress\/plugins\/seo\/ -->\n<title>RAPICHEK INFLUENZA A\/B \/ SARS-COV-2 SCHNELLTEST - Rapichek<\/title>\n<meta name=\"robots\" content=\"index, follow, max-snippet:-1, max-image-preview:large, max-video-preview:-1\" \/>\n<link rel=\"canonical\" href=\"https:\/\/rapichek.com\/de\/rapichek-kombiniert-schnelltest\/\" \/>\n<meta property=\"og:locale\" content=\"hu_HU\" \/>\n<meta property=\"og:type\" content=\"article\" \/>\n<meta property=\"og:title\" content=\"RAPICHEK INFLUENZA A\/B \/ SARS-COV-2 SCHNELLTEST - Rapichek\" \/>\n<meta property=\"og:description\" content=\"Zum Webshop Schmerzloser Nachweis von COVID-19- Infektionen und Influenza-Infektiosit\u00e4t &#8211; aus der Nasenh\u00f6hle \u2022 Ein Test kann feststellen, ob COVID-19 oder eine Influenza die Symptome verursacht\u2022\u00a0Ergebnis in nur 15 Minuten!\u2022Spezifit\u00e4t: 100% (auch f\u00fcr COVID-19 und Influenza A\/B) \u2022Sensitivit\u00e4t: COVID-19: 95,23 % im Falle von Ct\u226425...\" \/>\n<meta property=\"og:url\" content=\"https:\/\/rapichek.com\/de\/rapichek-kombiniert-schnelltest\/\" \/>\n<meta property=\"og:site_name\" content=\"Rapichek\" \/>\n<meta property=\"article:modified_time\" content=\"2022-11-29T16:30:12+00:00\" \/>\n<meta property=\"og:image\" content=\"https:\/\/rapichek.com\/de\/wp-content\/uploads\/2022\/10\/SARS_COV_FLUAB-1-94x300.png\" \/>\n<meta name=\"twitter:card\" content=\"summary_large_image\" \/>\n<meta name=\"twitter:label1\" content=\"Becs\u00fclt olvas\u00e1si id\u0151\" \/>\n\t<meta name=\"twitter:data1\" content=\"2 perc\" \/>\n<script type=\"application\/ld+json\" class=\"yoast-schema-graph\">{\"@context\":\"https:\/\/schema.org\",\"@graph\":[{\"@type\":\"WebPage\",\"@id\":\"https:\/\/rapichek.com\/de\/rapichek-kombiniert-schnelltest\/\",\"url\":\"https:\/\/rapichek.com\/de\/rapichek-kombiniert-schnelltest\/\",\"name\":\"RAPICHEK INFLUENZA A\/B \/ SARS-COV-2 SCHNELLTEST - Rapichek\",\"isPartOf\":{\"@id\":\"https:\/\/rapichek.com\/de\/#website\"},\"primaryImageOfPage\":{\"@id\":\"https:\/\/rapichek.com\/de\/rapichek-kombiniert-schnelltest\/#primaryimage\"},\"image\":{\"@id\":\"https:\/\/rapichek.com\/de\/rapichek-kombiniert-schnelltest\/#primaryimage\"},\"thumbnailUrl\":\"https:\/\/rapichek.com\/de\/wp-content\/uploads\/2022\/10\/SARS_COV_FLUAB-1-94x300.png\",\"datePublished\":\"2022-10-19T10:15:30+00:00\",\"dateModified\":\"2022-11-29T16:30:12+00:00\",\"breadcrumb\":{\"@id\":\"https:\/\/rapichek.com\/de\/rapichek-kombiniert-schnelltest\/#breadcrumb\"},\"inLanguage\":\"hu\",\"potentialAction\":[{\"@type\":\"ReadAction\",\"target\":[\"https:\/\/rapichek.com\/de\/rapichek-kombiniert-schnelltest\/\"]}]},{\"@type\":\"ImageObject\",\"inLanguage\":\"hu\",\"@id\":\"https:\/\/rapichek.com\/de\/rapichek-kombiniert-schnelltest\/#primaryimage\",\"url\":\"https:\/\/rapichek.com\/de\/wp-content\/uploads\/2022\/10\/SARS_COV_FLUAB-1.png\",\"contentUrl\":\"https:\/\/rapichek.com\/de\/wp-content\/uploads\/2022\/10\/SARS_COV_FLUAB-1.png\",\"width\":507,\"height\":1622},{\"@type\":\"BreadcrumbList\",\"@id\":\"https:\/\/rapichek.com\/de\/rapichek-kombiniert-schnelltest\/#breadcrumb\",\"itemListElement\":[{\"@type\":\"ListItem\",\"position\":1,\"name\":\"Kezd\u0151lap\",\"item\":\"https:\/\/rapichek.com\/de\/\"},{\"@type\":\"ListItem\",\"position\":2,\"name\":\"RAPICHEK INFLUENZA A\/B \/ SARS-COV-2 SCHNELLTEST\"}]},{\"@type\":\"WebSite\",\"@id\":\"https:\/\/rapichek.com\/de\/#website\",\"url\":\"https:\/\/rapichek.com\/de\/\",\"name\":\"Rapichek\",\"description\":\"INFLUENZA, RSV ODER COVID-19?\",\"potentialAction\":[{\"@type\":\"SearchAction\",\"target\":{\"@type\":\"EntryPoint\",\"urlTemplate\":\"https:\/\/rapichek.com\/de\/?s={search_term_string}\"},\"query-input\":{\"@type\":\"PropertyValueSpecification\",\"valueRequired\":true,\"valueName\":\"search_term_string\"}}],\"inLanguage\":\"hu\"}]}<\/script>\n<!-- \/ Yoast SEO plugin. -->","yoast_head_json":{"title":"RAPICHEK INFLUENZA A\/B \/ SARS-COV-2 SCHNELLTEST - Rapichek","robots":{"index":"index","follow":"follow","max-snippet":"max-snippet:-1","max-image-preview":"max-image-preview:large","max-video-preview":"max-video-preview:-1"},"canonical":"https:\/\/rapichek.com\/de\/rapichek-kombiniert-schnelltest\/","og_locale":"hu_HU","og_type":"article","og_title":"RAPICHEK INFLUENZA A\/B \/ SARS-COV-2 SCHNELLTEST - Rapichek","og_description":"Zum Webshop Schmerzloser Nachweis von COVID-19- Infektionen und Influenza-Infektiosit\u00e4t &#8211; aus der Nasenh\u00f6hle \u2022 Ein Test kann feststellen, ob COVID-19 oder eine Influenza die Symptome verursacht\u2022\u00a0Ergebnis in nur 15 Minuten!\u2022Spezifit\u00e4t: 100% (auch f\u00fcr COVID-19 und Influenza A\/B) \u2022Sensitivit\u00e4t: COVID-19: 95,23 % im Falle von Ct\u226425...","og_url":"https:\/\/rapichek.com\/de\/rapichek-kombiniert-schnelltest\/","og_site_name":"Rapichek","article_modified_time":"2022-11-29T16:30:12+00:00","og_image":[{"url":"https:\/\/rapichek.com\/de\/wp-content\/uploads\/2022\/10\/SARS_COV_FLUAB-1-94x300.png"}],"twitter_card":"summary_large_image","twitter_misc":{"Becs\u00fclt olvas\u00e1si id\u0151":"2 perc"},"schema":{"@context":"https:\/\/schema.org","@graph":[{"@type":"WebPage","@id":"https:\/\/rapichek.com\/de\/rapichek-kombiniert-schnelltest\/","url":"https:\/\/rapichek.com\/de\/rapichek-kombiniert-schnelltest\/","name":"RAPICHEK INFLUENZA A\/B \/ SARS-COV-2 SCHNELLTEST - Rapichek","isPartOf":{"@id":"https:\/\/rapichek.com\/de\/#website"},"primaryImageOfPage":{"@id":"https:\/\/rapichek.com\/de\/rapichek-kombiniert-schnelltest\/#primaryimage"},"image":{"@id":"https:\/\/rapichek.com\/de\/rapichek-kombiniert-schnelltest\/#primaryimage"},"thumbnailUrl":"https:\/\/rapichek.com\/de\/wp-content\/uploads\/2022\/10\/SARS_COV_FLUAB-1-94x300.png","datePublished":"2022-10-19T10:15:30+00:00","dateModified":"2022-11-29T16:30:12+00:00","breadcrumb":{"@id":"https:\/\/rapichek.com\/de\/rapichek-kombiniert-schnelltest\/#breadcrumb"},"inLanguage":"hu","potentialAction":[{"@type":"ReadAction","target":["https:\/\/rapichek.com\/de\/rapichek-kombiniert-schnelltest\/"]}]},{"@type":"ImageObject","inLanguage":"hu","@id":"https:\/\/rapichek.com\/de\/rapichek-kombiniert-schnelltest\/#primaryimage","url":"https:\/\/rapichek.com\/de\/wp-content\/uploads\/2022\/10\/SARS_COV_FLUAB-1.png","contentUrl":"https:\/\/rapichek.com\/de\/wp-content\/uploads\/2022\/10\/SARS_COV_FLUAB-1.png","width":507,"height":1622},{"@type":"BreadcrumbList","@id":"https:\/\/rapichek.com\/de\/rapichek-kombiniert-schnelltest\/#breadcrumb","itemListElement":[{"@type":"ListItem","position":1,"name":"Kezd\u0151lap","item":"https:\/\/rapichek.com\/de\/"},{"@type":"ListItem","position":2,"name":"RAPICHEK INFLUENZA A\/B \/ SARS-COV-2 SCHNELLTEST"}]},{"@type":"WebSite","@id":"https:\/\/rapichek.com\/de\/#website","url":"https:\/\/rapichek.com\/de\/","name":"Rapichek","description":"INFLUENZA, RSV ODER COVID-19?","potentialAction":[{"@type":"SearchAction","target":{"@type":"EntryPoint","urlTemplate":"https:\/\/rapichek.com\/de\/?s={search_term_string}"},"query-input":{"@type":"PropertyValueSpecification","valueRequired":true,"valueName":"search_term_string"}}],"inLanguage":"hu"}]}},"_links":{"self":[{"href":"https:\/\/rapichek.com\/de\/wp-json\/wp\/v2\/pages\/442","targetHints":{"allow":["GET"]}}],"collection":[{"href":"https:\/\/rapichek.com\/de\/wp-json\/wp\/v2\/pages"}],"about":[{"href":"https:\/\/rapichek.com\/de\/wp-json\/wp\/v2\/types\/page"}],"author":[{"embeddable":true,"href":"https:\/\/rapichek.com\/de\/wp-json\/wp\/v2\/users\/1"}],"replies":[{"embeddable":true,"href":"https:\/\/rapichek.com\/de\/wp-json\/wp\/v2\/comments?post=442"}],"version-history":[{"count":62,"href":"https:\/\/rapichek.com\/de\/wp-json\/wp\/v2\/pages\/442\/revisions"}],"predecessor-version":[{"id":1349,"href":"https:\/\/rapichek.com\/de\/wp-json\/wp\/v2\/pages\/442\/revisions\/1349"}],"wp:attachment":[{"href":"https:\/\/rapichek.com\/de\/wp-json\/wp\/v2\/media?parent=442"}],"curies":[{"name":"wp","href":"https:\/\/api.w.org\/{rel}","templated":true}]}}