{"id":449,"date":"2022-10-19T11:09:13","date_gmt":"2022-10-19T11:09:13","guid":{"rendered":"http:\/\/rapichek.com\/?page_id=449"},"modified":"2022-11-29T16:29:12","modified_gmt":"2022-11-29T16:29:12","slug":"rapichek-kombiniert-antigen","status":"publish","type":"page","link":"https:\/\/rapichek.com\/de\/rapichek-kombiniert-antigen\/","title":{"rendered":"RAPICHEK INFLUENZA A\/B+COVID-19\/RSV KOMBINIERTER ANTIGENTEST"},"content":{"rendered":"\t\t<div data-elementor-type=\"wp-page\" data-elementor-id=\"449\" class=\"elementor elementor-449\">\n\t\t\t\t\t\t<section class=\"elementor-section elementor-top-section elementor-element elementor-element-4b5a7d9 elementor-section-boxed elementor-section-height-default elementor-section-height-default parallax_section_no qode_elementor_container_no\" data-id=\"4b5a7d9\" data-element_type=\"section\">\n\t\t\t\t\t\t<div class=\"elementor-container elementor-column-gap-default\">\n\t\t\t\t\t<div class=\"elementor-column elementor-col-50 elementor-top-column elementor-element elementor-element-18fae03\" data-id=\"18fae03\" data-element_type=\"column\">\n\t\t\t<div class=\"elementor-widget-wrap elementor-element-populated\">\n\t\t\t\t\t\t<div class=\"elementor-element elementor-element-eb03ae8 elementor-widget elementor-widget-text-editor\" data-id=\"eb03ae8\" data-element_type=\"widget\" data-widget_type=\"text-editor.default\">\n\t\t\t\t<div class=\"elementor-widget-container\">\n\t\t\t<style>\/*! elementor - v3.23.0 - 05-08-2024 *\/\n.elementor-widget-text-editor.elementor-drop-cap-view-stacked .elementor-drop-cap{background-color:#69727d;color:#fff}.elementor-widget-text-editor.elementor-drop-cap-view-framed .elementor-drop-cap{color:#69727d;border:3px solid;background-color:transparent}.elementor-widget-text-editor:not(.elementor-drop-cap-view-default) .elementor-drop-cap{margin-top:8px}.elementor-widget-text-editor:not(.elementor-drop-cap-view-default) .elementor-drop-cap-letter{width:1em;height:1em}.elementor-widget-text-editor .elementor-drop-cap{float:left;text-align:center;line-height:1;font-size:50px}.elementor-widget-text-editor .elementor-drop-cap-letter{display:inline-block}<\/style>\t\t\t\t<p>COVID-19 ist ein kombinierter Test zum schmerzlosen Nachweis von Influenza A\/B und RSV-Infektionen. Es kommt auch bei Erwachsenen vor, aber RSV (Respiratory Syncytial Virus) ist f\u00fcr die meisten Atemwegsinfektionen bei Kindern verantwortlich. Bei S\u00e4uglingen, Kleinkindern und Menschen \u00fcber 50-60 Jahren kann dies schwerwiegende Folgen haben und deshalb sollten sie getestet werden.<br \/>\u2022 Ergebnis in 15 Minuten!<br \/>\u2022Spezifit\u00e4t: COVID-19: 100,00%, Influenza A: 99,34%, Influenza B: 99,67%, RSV: 99,21%<\/p><p>\u2022Sensitivit\u00e4t: COVID-19: unter 25 Ct 100 %; Ct\u226430 92 % und Ct\u226436, das heisst 89,09 %, wenn sie auf eine Gesamtprobe berechnet werden, einschliesslich niedriger Viruskonzentration und asymptomatischer Personen.<\/p><p>Influenza A: 100% Influenza B: 96% RSV: 98,98%.<\/p><p>\u00a0<\/p>\t\t\t\t\t\t<\/div>\n\t\t\t\t<\/div>\n\t\t\t\t\t<\/div>\n\t\t<\/div>\n\t\t\t\t<div class=\"elementor-column elementor-col-50 elementor-top-column elementor-element elementor-element-19ad5e3\" data-id=\"19ad5e3\" data-element_type=\"column\">\n\t\t\t<div class=\"elementor-widget-wrap elementor-element-populated\">\n\t\t\t\t\t\t<div class=\"elementor-element elementor-element-94ab29a elementor-widget elementor-widget-image\" data-id=\"94ab29a\" data-element_type=\"widget\" data-widget_type=\"image.default\">\n\t\t\t\t<div class=\"elementor-widget-container\">\n\t\t\t<style>\/*! elementor - v3.23.0 - 05-08-2024 *\/\n.elementor-widget-image{text-align:center}.elementor-widget-image a{display:inline-block}.elementor-widget-image a img[src$=\".svg\"]{width:48px}.elementor-widget-image img{vertical-align:middle;display:inline-block}<\/style>\t\t\t\t\t\t\t\t\t\t<img decoding=\"async\" width=\"147\" height=\"300\" src=\"https:\/\/rapichek.com\/de\/wp-content\/uploads\/2022\/10\/influAB__covid_RSV-147x300.png\" class=\"attachment-medium size-medium wp-image-983\" alt=\"\" srcset=\"https:\/\/rapichek.com\/de\/wp-content\/uploads\/2022\/10\/influAB__covid_RSV-147x300.png 147w, https:\/\/rapichek.com\/de\/wp-content\/uploads\/2022\/10\/influAB__covid_RSV-502x1024.png 502w, https:\/\/rapichek.com\/de\/wp-content\/uploads\/2022\/10\/influAB__covid_RSV-700x1429.png 700w, https:\/\/rapichek.com\/de\/wp-content\/uploads\/2022\/10\/influAB__covid_RSV-10x20.png 10w, https:\/\/rapichek.com\/de\/wp-content\/uploads\/2022\/10\/influAB__covid_RSV.png 728w\" sizes=\"(max-width: 147px) 100vw, 147px\" \/>\t\t\t\t\t\t\t\t\t\t\t\t\t<\/div>\n\t\t\t\t<\/div>\n\t\t\t\t<div class=\"elementor-element elementor-element-1dba926 elementor-widget elementor-widget-spacer\" data-id=\"1dba926\" data-element_type=\"widget\" data-widget_type=\"spacer.default\">\n\t\t\t\t<div class=\"elementor-widget-container\">\n\t\t\t<style>\/*! elementor - v3.23.0 - 05-08-2024 *\/\n.elementor-column .elementor-spacer-inner{height:var(--spacer-size)}.e-con{--container-widget-width:100%}.e-con-inner>.elementor-widget-spacer,.e-con>.elementor-widget-spacer{width:var(--container-widget-width,var(--spacer-size));--align-self:var(--container-widget-align-self,initial);--flex-shrink:0}.e-con-inner>.elementor-widget-spacer>.elementor-widget-container,.e-con>.elementor-widget-spacer>.elementor-widget-container{height:100%;width:100%}.e-con-inner>.elementor-widget-spacer>.elementor-widget-container>.elementor-spacer,.e-con>.elementor-widget-spacer>.elementor-widget-container>.elementor-spacer{height:100%}.e-con-inner>.elementor-widget-spacer>.elementor-widget-container>.elementor-spacer>.elementor-spacer-inner,.e-con>.elementor-widget-spacer>.elementor-widget-container>.elementor-spacer>.elementor-spacer-inner{height:var(--container-widget-height,var(--spacer-size))}.e-con-inner>.elementor-widget-spacer.elementor-widget-empty,.e-con>.elementor-widget-spacer.elementor-widget-empty{position:relative;min-height:22px;min-width:22px}.e-con-inner>.elementor-widget-spacer.elementor-widget-empty .elementor-widget-empty-icon,.e-con>.elementor-widget-spacer.elementor-widget-empty .elementor-widget-empty-icon{position:absolute;top:0;bottom:0;left:0;right:0;margin:auto;padding:0;width:22px;height:22px}<\/style>\t\t<div class=\"elementor-spacer\">\n\t\t\t<div class=\"elementor-spacer-inner\"><\/div>\n\t\t<\/div>\n\t\t\t\t<\/div>\n\t\t\t\t<\/div>\n\t\t\t\t<div class=\"elementor-element elementor-element-1b45b75 elementor-align-center elementor-widget elementor-widget-button\" data-id=\"1b45b75\" data-element_type=\"widget\" data-widget_type=\"button.default\">\n\t\t\t\t<div class=\"elementor-widget-container\">\n\t\t\t\t\t<div class=\"elementor-button-wrapper\">\n\t\t\t<a class=\"elementor-button elementor-button-link elementor-size-lg\" href=\"https:\/\/rapidtest-lab.com\/en\/termek\/influenza-a-bcovid-19-rsv-combo-antigen-test\/\">\n\t\t\t\t\t\t<span class=\"elementor-button-content-wrapper\">\n\t\t\t\t\t\t\t\t\t<span class=\"elementor-button-text\">Zum Webshop<\/span>\n\t\t\t\t\t<\/span>\n\t\t\t\t\t<\/a>\n\t\t<\/div>\n\t\t\t\t<\/div>\n\t\t\t\t<\/div>\n\t\t\t\t\t<\/div>\n\t\t<\/div>\n\t\t\t\t\t<\/div>\n\t\t<\/section>\n\t\t\t\t<section class=\"elementor-section elementor-top-section elementor-element elementor-element-78881d0 elementor-section-boxed elementor-section-height-default elementor-section-height-default parallax_section_no qode_elementor_container_no\" data-id=\"78881d0\" data-element_type=\"section\">\n\t\t\t\t\t\t<div class=\"elementor-container elementor-column-gap-default\">\n\t\t\t\t\t<div class=\"elementor-column elementor-col-100 elementor-top-column elementor-element elementor-element-6507ff1\" data-id=\"6507ff1\" data-element_type=\"column\">\n\t\t\t<div class=\"elementor-widget-wrap elementor-element-populated\">\n\t\t\t\t\t\t<div class=\"elementor-element elementor-element-e08f634 elementor-widget elementor-widget-heading\" data-id=\"e08f634\" data-element_type=\"widget\" data-widget_type=\"heading.default\">\n\t\t\t\t<div class=\"elementor-widget-container\">\n\t\t\t<style>\/*! elementor - v3.23.0 - 05-08-2024 *\/\n.elementor-heading-title{padding:0;margin:0;line-height:1}.elementor-widget-heading .elementor-heading-title[class*=elementor-size-]>a{color:inherit;font-size:inherit;line-height:inherit}.elementor-widget-heading .elementor-heading-title.elementor-size-small{font-size:15px}.elementor-widget-heading .elementor-heading-title.elementor-size-medium{font-size:19px}.elementor-widget-heading .elementor-heading-title.elementor-size-large{font-size:29px}.elementor-widget-heading .elementor-heading-title.elementor-size-xl{font-size:39px}.elementor-widget-heading .elementor-heading-title.elementor-size-xxl{font-size:59px}<\/style><h2 class=\"elementor-heading-title elementor-size-default\">RAPICHEK INFLUENZA A\/B \/ SARS-COV-2\/RSV TESTSCHRITTE:<\/h2>\t\t<\/div>\n\t\t\t\t<\/div>\n\t\t\t\t<div class=\"elementor-element elementor-element-075f1d7 elementor-widget elementor-widget-text-editor\" data-id=\"075f1d7\" data-element_type=\"widget\" data-widget_type=\"text-editor.default\">\n\t\t\t\t<div class=\"elementor-widget-container\">\n\t\t\t\t\t\t\t<p>1) Entfernen Sie die Folie von der Oberseite des Probensammelr\u00f6hrchens.<br \/>2) Setzen Sie das R\u00f6hrchen in den R\u00f6hrchenst\u00e4nder.<\/p><p>3) Nehmen Sie den Probenahmestab aus dem Beutel.<\/p><p>4) F\u00fchren Sie den sterilen Probenentnahmestab, der dem Kit beiliegt, vorsichtig in eines der Nasenl\u00f6cher ein.<\/p><p>5) F\u00fchren Sie die Spitze des Probenahmestabs bis zu einer Tiefe von 2-4 cm ein, bis Sie auf Widerstand sto\u00dfen. Rollen Sie den Entnahmestab in kreisenden Bewegungen f\u00fcnfmal an der Naseninnenwand entlang, um sicherzustellen, dass Schleim und Zellen in der Probe enthalten sind. Wiederholen Sie den Vorgang im anderen Nasenloch mit demselben Probenahmest\u00e4bchen und stellen Sie sicher, dass eine ausreichende Menge an Proben aus beiden Nasenh\u00f6hlen entnommen wird.<br \/>6) Ziehen Sie den Probenahmestab aus der Nasenh\u00f6hle.<br \/>7) Ab diesem Zeitpunkt kann die Probe mit dem im Testkit enthaltenen Extraktionspuffer vorbereitet werden. F\u00fchren Sie den Probenahmestab bis zum Boden des Probenahmer\u00f6hrchens ein und drehen Sie ihn 10 Mal, w\u00e4hrend Sie die Spitze des Probenehmers gegen den Boden und die Seite des Probenahmer\u00f6hrchens dr\u00fccken.<\/p><p>8) Lassen Sie den Probenahmestab 1 Minute lang im Probenr\u00f6hrchen.<\/p><p>9) Drehen und dr\u00fccken Sie das R\u00f6hrchen ein paar Mal mit den Fingern an der Au\u00dfenseite des R\u00f6hrchens, so dass der Probenehmer vollst\u00e4ndig in die L\u00f6sung eingetaucht ist. Entfernen Sie den Probenahmestab.<\/p><p>10) Ziehen Sie den Tropfschlauch fest \u00fcber das Rohr. Mischen Sie gr\u00fcndlich, indem Sie das R\u00f6hrchen in kreisenden Bewegungen bewegen oder vorsichtig auf den Boden des R\u00f6hrchens klopfen.<\/p><p>\u00a0<\/p><p>Warnhinweis:<\/p><ul><li>F\u00fcr die Probenahme verwenden Sie bitte den Probenahmestab.<\/li><li>Um Kontaminationen zu vermeiden, wird dringend empfohlen, bei der Probenahme Schutzhandschuhe zu tragen.<\/li><li>Proben so bald wie m\u00f6glich nach Auftreten der Symptome nehmen.<\/li><li>Es wird empfohlen, die Proben unmittelbar nach der Entnahme zu behandeln.<\/li><\/ul>\t\t\t\t\t\t<\/div>\n\t\t\t\t<\/div>\n\t\t\t\t\t<\/div>\n\t\t<\/div>\n\t\t\t\t\t<\/div>\n\t\t<\/section>\n\t\t\t\t<\/div>\n\t\t","protected":false},"excerpt":{"rendered":"<p>COVID-19 ist ein kombinierter Test zum schmerzlosen Nachweis von Influenza A\/B und RSV-Infektionen. Es kommt auch bei Erwachsenen vor, aber RSV (Respiratory Syncytial Virus) ist f\u00fcr die meisten Atemwegsinfektionen bei Kindern verantwortlich. Bei S\u00e4uglingen, Kleinkindern und Menschen \u00fcber 50-60 Jahren kann dies schwerwiegende Folgen haben&#8230;<\/p>\n","protected":false},"author":1,"featured_media":0,"parent":0,"menu_order":0,"comment_status":"closed","ping_status":"closed","template":"","meta":{"footnotes":""},"class_list":["post-449","page","type-page","status-publish","hentry"],"yoast_head":"<!-- This site is optimized with the Yoast SEO plugin v23.4 - https:\/\/yoast.com\/wordpress\/plugins\/seo\/ -->\n<title>RAPICHEK INFLUENZA A\/B+COVID-19\/RSV KOMBINIERTER ANTIGENTEST - Rapichek<\/title>\n<meta name=\"robots\" content=\"index, follow, max-snippet:-1, max-image-preview:large, max-video-preview:-1\" \/>\n<link rel=\"canonical\" href=\"https:\/\/rapichek.com\/de\/rapichek-kombiniert-antigen\/\" \/>\n<meta property=\"og:locale\" content=\"hu_HU\" \/>\n<meta property=\"og:type\" content=\"article\" \/>\n<meta property=\"og:title\" content=\"RAPICHEK INFLUENZA A\/B+COVID-19\/RSV KOMBINIERTER ANTIGENTEST - Rapichek\" \/>\n<meta property=\"og:description\" content=\"COVID-19 ist ein kombinierter Test zum schmerzlosen Nachweis von Influenza A\/B und RSV-Infektionen. Es kommt auch bei Erwachsenen vor, aber RSV (Respiratory Syncytial Virus) ist f\u00fcr die meisten Atemwegsinfektionen bei Kindern verantwortlich. Bei S\u00e4uglingen, Kleinkindern und Menschen \u00fcber 50-60 Jahren kann dies schwerwiegende Folgen haben...\" \/>\n<meta property=\"og:url\" content=\"https:\/\/rapichek.com\/de\/rapichek-kombiniert-antigen\/\" \/>\n<meta property=\"og:site_name\" content=\"Rapichek\" \/>\n<meta property=\"article:modified_time\" content=\"2022-11-29T16:29:12+00:00\" \/>\n<meta property=\"og:image\" content=\"https:\/\/rapichek.com\/de\/wp-content\/uploads\/2022\/10\/influAB__covid_RSV-147x300.png\" \/>\n<meta name=\"twitter:card\" content=\"summary_large_image\" \/>\n<meta name=\"twitter:label1\" content=\"Becs\u00fclt olvas\u00e1si id\u0151\" \/>\n\t<meta name=\"twitter:data1\" content=\"3 perc\" \/>\n<script type=\"application\/ld+json\" class=\"yoast-schema-graph\">{\"@context\":\"https:\/\/schema.org\",\"@graph\":[{\"@type\":\"WebPage\",\"@id\":\"https:\/\/rapichek.com\/de\/rapichek-kombiniert-antigen\/\",\"url\":\"https:\/\/rapichek.com\/de\/rapichek-kombiniert-antigen\/\",\"name\":\"RAPICHEK INFLUENZA A\/B+COVID-19\/RSV KOMBINIERTER ANTIGENTEST - Rapichek\",\"isPartOf\":{\"@id\":\"https:\/\/rapichek.com\/de\/#website\"},\"primaryImageOfPage\":{\"@id\":\"https:\/\/rapichek.com\/de\/rapichek-kombiniert-antigen\/#primaryimage\"},\"image\":{\"@id\":\"https:\/\/rapichek.com\/de\/rapichek-kombiniert-antigen\/#primaryimage\"},\"thumbnailUrl\":\"https:\/\/rapichek.com\/de\/wp-content\/uploads\/2022\/10\/influAB__covid_RSV-147x300.png\",\"datePublished\":\"2022-10-19T11:09:13+00:00\",\"dateModified\":\"2022-11-29T16:29:12+00:00\",\"breadcrumb\":{\"@id\":\"https:\/\/rapichek.com\/de\/rapichek-kombiniert-antigen\/#breadcrumb\"},\"inLanguage\":\"hu\",\"potentialAction\":[{\"@type\":\"ReadAction\",\"target\":[\"https:\/\/rapichek.com\/de\/rapichek-kombiniert-antigen\/\"]}]},{\"@type\":\"ImageObject\",\"inLanguage\":\"hu\",\"@id\":\"https:\/\/rapichek.com\/de\/rapichek-kombiniert-antigen\/#primaryimage\",\"url\":\"https:\/\/rapichek.com\/de\/wp-content\/uploads\/2022\/10\/influAB__covid_RSV.png\",\"contentUrl\":\"https:\/\/rapichek.com\/de\/wp-content\/uploads\/2022\/10\/influAB__covid_RSV.png\",\"width\":728,\"height\":1486},{\"@type\":\"BreadcrumbList\",\"@id\":\"https:\/\/rapichek.com\/de\/rapichek-kombiniert-antigen\/#breadcrumb\",\"itemListElement\":[{\"@type\":\"ListItem\",\"position\":1,\"name\":\"Kezd\u0151lap\",\"item\":\"https:\/\/rapichek.com\/de\/\"},{\"@type\":\"ListItem\",\"position\":2,\"name\":\"RAPICHEK INFLUENZA A\/B+COVID-19\/RSV KOMBINIERTER ANTIGENTEST\"}]},{\"@type\":\"WebSite\",\"@id\":\"https:\/\/rapichek.com\/de\/#website\",\"url\":\"https:\/\/rapichek.com\/de\/\",\"name\":\"Rapichek\",\"description\":\"INFLUENZA, RSV ODER COVID-19?\",\"potentialAction\":[{\"@type\":\"SearchAction\",\"target\":{\"@type\":\"EntryPoint\",\"urlTemplate\":\"https:\/\/rapichek.com\/de\/?s={search_term_string}\"},\"query-input\":{\"@type\":\"PropertyValueSpecification\",\"valueRequired\":true,\"valueName\":\"search_term_string\"}}],\"inLanguage\":\"hu\"}]}<\/script>\n<!-- \/ Yoast SEO plugin. -->","yoast_head_json":{"title":"RAPICHEK INFLUENZA A\/B+COVID-19\/RSV KOMBINIERTER ANTIGENTEST - Rapichek","robots":{"index":"index","follow":"follow","max-snippet":"max-snippet:-1","max-image-preview":"max-image-preview:large","max-video-preview":"max-video-preview:-1"},"canonical":"https:\/\/rapichek.com\/de\/rapichek-kombiniert-antigen\/","og_locale":"hu_HU","og_type":"article","og_title":"RAPICHEK INFLUENZA A\/B+COVID-19\/RSV KOMBINIERTER ANTIGENTEST - Rapichek","og_description":"COVID-19 ist ein kombinierter Test zum schmerzlosen Nachweis von Influenza A\/B und RSV-Infektionen. Es kommt auch bei Erwachsenen vor, aber RSV (Respiratory Syncytial Virus) ist f\u00fcr die meisten Atemwegsinfektionen bei Kindern verantwortlich. Bei S\u00e4uglingen, Kleinkindern und Menschen \u00fcber 50-60 Jahren kann dies schwerwiegende Folgen haben...","og_url":"https:\/\/rapichek.com\/de\/rapichek-kombiniert-antigen\/","og_site_name":"Rapichek","article_modified_time":"2022-11-29T16:29:12+00:00","og_image":[{"url":"https:\/\/rapichek.com\/de\/wp-content\/uploads\/2022\/10\/influAB__covid_RSV-147x300.png"}],"twitter_card":"summary_large_image","twitter_misc":{"Becs\u00fclt olvas\u00e1si id\u0151":"3 perc"},"schema":{"@context":"https:\/\/schema.org","@graph":[{"@type":"WebPage","@id":"https:\/\/rapichek.com\/de\/rapichek-kombiniert-antigen\/","url":"https:\/\/rapichek.com\/de\/rapichek-kombiniert-antigen\/","name":"RAPICHEK INFLUENZA A\/B+COVID-19\/RSV KOMBINIERTER ANTIGENTEST - Rapichek","isPartOf":{"@id":"https:\/\/rapichek.com\/de\/#website"},"primaryImageOfPage":{"@id":"https:\/\/rapichek.com\/de\/rapichek-kombiniert-antigen\/#primaryimage"},"image":{"@id":"https:\/\/rapichek.com\/de\/rapichek-kombiniert-antigen\/#primaryimage"},"thumbnailUrl":"https:\/\/rapichek.com\/de\/wp-content\/uploads\/2022\/10\/influAB__covid_RSV-147x300.png","datePublished":"2022-10-19T11:09:13+00:00","dateModified":"2022-11-29T16:29:12+00:00","breadcrumb":{"@id":"https:\/\/rapichek.com\/de\/rapichek-kombiniert-antigen\/#breadcrumb"},"inLanguage":"hu","potentialAction":[{"@type":"ReadAction","target":["https:\/\/rapichek.com\/de\/rapichek-kombiniert-antigen\/"]}]},{"@type":"ImageObject","inLanguage":"hu","@id":"https:\/\/rapichek.com\/de\/rapichek-kombiniert-antigen\/#primaryimage","url":"https:\/\/rapichek.com\/de\/wp-content\/uploads\/2022\/10\/influAB__covid_RSV.png","contentUrl":"https:\/\/rapichek.com\/de\/wp-content\/uploads\/2022\/10\/influAB__covid_RSV.png","width":728,"height":1486},{"@type":"BreadcrumbList","@id":"https:\/\/rapichek.com\/de\/rapichek-kombiniert-antigen\/#breadcrumb","itemListElement":[{"@type":"ListItem","position":1,"name":"Kezd\u0151lap","item":"https:\/\/rapichek.com\/de\/"},{"@type":"ListItem","position":2,"name":"RAPICHEK INFLUENZA A\/B+COVID-19\/RSV KOMBINIERTER ANTIGENTEST"}]},{"@type":"WebSite","@id":"https:\/\/rapichek.com\/de\/#website","url":"https:\/\/rapichek.com\/de\/","name":"Rapichek","description":"INFLUENZA, RSV ODER COVID-19?","potentialAction":[{"@type":"SearchAction","target":{"@type":"EntryPoint","urlTemplate":"https:\/\/rapichek.com\/de\/?s={search_term_string}"},"query-input":{"@type":"PropertyValueSpecification","valueRequired":true,"valueName":"search_term_string"}}],"inLanguage":"hu"}]}},"_links":{"self":[{"href":"https:\/\/rapichek.com\/de\/wp-json\/wp\/v2\/pages\/449","targetHints":{"allow":["GET"]}}],"collection":[{"href":"https:\/\/rapichek.com\/de\/wp-json\/wp\/v2\/pages"}],"about":[{"href":"https:\/\/rapichek.com\/de\/wp-json\/wp\/v2\/types\/page"}],"author":[{"embeddable":true,"href":"https:\/\/rapichek.com\/de\/wp-json\/wp\/v2\/users\/1"}],"replies":[{"embeddable":true,"href":"https:\/\/rapichek.com\/de\/wp-json\/wp\/v2\/comments?post=449"}],"version-history":[{"count":49,"href":"https:\/\/rapichek.com\/de\/wp-json\/wp\/v2\/pages\/449\/revisions"}],"predecessor-version":[{"id":1346,"href":"https:\/\/rapichek.com\/de\/wp-json\/wp\/v2\/pages\/449\/revisions\/1346"}],"wp:attachment":[{"href":"https:\/\/rapichek.com\/de\/wp-json\/wp\/v2\/media?parent=449"}],"curies":[{"name":"wp","href":"https:\/\/api.w.org\/{rel}","templated":true}]}}