{"id":306,"date":"2021-07-07T08:25:05","date_gmt":"2021-07-07T08:25:05","guid":{"rendered":"https:\/\/bridge439.qodeinteractive.com\/?page_id=306"},"modified":"2022-11-30T13:55:50","modified_gmt":"2022-11-30T13:55:50","slug":"contact","status":"publish","type":"page","link":"https:\/\/rapichek.com\/en\/contact\/","title":{"rendered":"Contact"},"content":{"rendered":"\t\t<div data-elementor-type=\"wp-page\" data-elementor-id=\"306\" class=\"elementor elementor-306\">\n\t\t\t\t\t\t<section class=\"elementor-section elementor-top-section elementor-element elementor-element-9c9b487 elementor-section-full_width qode_elementor_container_inner elementor-section-height-default elementor-section-height-default parallax_section_no\" data-id=\"9c9b487\" data-element_type=\"section\">\n\t\t\t\t\t\t<div class=\"elementor-container elementor-column-gap-default\">\n\t\t\t\t\t<div class=\"elementor-column elementor-col-100 elementor-top-column elementor-element elementor-element-24beb78\" data-id=\"24beb78\" data-element_type=\"column\">\n\t\t\t<div class=\"elementor-widget-wrap elementor-element-populated\">\n\t\t\t\t\t\t<div class=\"elementor-element elementor-element-392c84a elementor-widget elementor-widget-spacer\" data-id=\"392c84a\" data-element_type=\"widget\" data-widget_type=\"spacer.default\">\n\t\t\t\t<div class=\"elementor-widget-container\">\n\t\t\t<style>\/*! elementor - v3.23.0 - 05-08-2024 *\/\n.elementor-column .elementor-spacer-inner{height:var(--spacer-size)}.e-con{--container-widget-width:100%}.e-con-inner>.elementor-widget-spacer,.e-con>.elementor-widget-spacer{width:var(--container-widget-width,var(--spacer-size));--align-self:var(--container-widget-align-self,initial);--flex-shrink:0}.e-con-inner>.elementor-widget-spacer>.elementor-widget-container,.e-con>.elementor-widget-spacer>.elementor-widget-container{height:100%;width:100%}.e-con-inner>.elementor-widget-spacer>.elementor-widget-container>.elementor-spacer,.e-con>.elementor-widget-spacer>.elementor-widget-container>.elementor-spacer{height:100%}.e-con-inner>.elementor-widget-spacer>.elementor-widget-container>.elementor-spacer>.elementor-spacer-inner,.e-con>.elementor-widget-spacer>.elementor-widget-container>.elementor-spacer>.elementor-spacer-inner{height:var(--container-widget-height,var(--spacer-size))}.e-con-inner>.elementor-widget-spacer.elementor-widget-empty,.e-con>.elementor-widget-spacer.elementor-widget-empty{position:relative;min-height:22px;min-width:22px}.e-con-inner>.elementor-widget-spacer.elementor-widget-empty .elementor-widget-empty-icon,.e-con>.elementor-widget-spacer.elementor-widget-empty .elementor-widget-empty-icon{position:absolute;top:0;bottom:0;left:0;right:0;margin:auto;padding:0;width:22px;height:22px}<\/style>\t\t<div class=\"elementor-spacer\">\n\t\t\t<div class=\"elementor-spacer-inner\"><\/div>\n\t\t<\/div>\n\t\t\t\t<\/div>\n\t\t\t\t<\/div>\n\t\t\t\t<div class=\"elementor-element elementor-element-b9acc8b elementor-widget elementor-widget-heading\" data-id=\"b9acc8b\" data-element_type=\"widget\" data-widget_type=\"heading.default\">\n\t\t\t\t<div class=\"elementor-widget-container\">\n\t\t\t<style>\/*! elementor - v3.23.0 - 05-08-2024 *\/\n.elementor-heading-title{padding:0;margin:0;line-height:1}.elementor-widget-heading .elementor-heading-title[class*=elementor-size-]>a{color:inherit;font-size:inherit;line-height:inherit}.elementor-widget-heading .elementor-heading-title.elementor-size-small{font-size:15px}.elementor-widget-heading .elementor-heading-title.elementor-size-medium{font-size:19px}.elementor-widget-heading .elementor-heading-title.elementor-size-large{font-size:29px}.elementor-widget-heading .elementor-heading-title.elementor-size-xl{font-size:39px}.elementor-widget-heading .elementor-heading-title.elementor-size-xxl{font-size:59px}<\/style><h3 class=\"elementor-heading-title elementor-size-default\">Kapcsolat<\/h3>\t\t<\/div>\n\t\t\t\t<\/div>\n\t\t\t\t\t<\/div>\n\t\t<\/div>\n\t\t\t\t\t<\/div>\n\t\t<\/section>\n\t\t\t\t<section class=\"elementor-section elementor-top-section elementor-element elementor-element-c24f4db elementor-section-boxed elementor-section-height-default elementor-section-height-default parallax_section_no qode_elementor_container_no\" data-id=\"c24f4db\" data-element_type=\"section\">\n\t\t\t\t\t\t<div class=\"elementor-container elementor-column-gap-default\">\n\t\t\t\t\t<div class=\"elementor-column elementor-col-50 elementor-top-column elementor-element elementor-element-32ef37f\" data-id=\"32ef37f\" data-element_type=\"column\">\n\t\t\t<div class=\"elementor-widget-wrap elementor-element-populated\">\n\t\t\t\t\t\t<div class=\"elementor-element elementor-element-a227433 elementor-widget elementor-widget-heading\" data-id=\"a227433\" data-element_type=\"widget\" data-widget_type=\"heading.default\">\n\t\t\t\t<div class=\"elementor-widget-container\">\n\t\t\t<h2 class=\"elementor-heading-title elementor-size-default\">European Warehouse, distribution<\/h2>\t\t<\/div>\n\t\t\t\t<\/div>\n\t\t\t\t<div class=\"elementor-element elementor-element-1b307fd elementor-widget elementor-widget-text-editor\" data-id=\"1b307fd\" data-element_type=\"widget\" data-widget_type=\"text-editor.default\">\n\t\t\t\t<div class=\"elementor-widget-container\">\n\t\t\t<style>\/*! elementor - v3.23.0 - 05-08-2024 *\/\n.elementor-widget-text-editor.elementor-drop-cap-view-stacked .elementor-drop-cap{background-color:#69727d;color:#fff}.elementor-widget-text-editor.elementor-drop-cap-view-framed .elementor-drop-cap{color:#69727d;border:3px solid;background-color:transparent}.elementor-widget-text-editor:not(.elementor-drop-cap-view-default) .elementor-drop-cap{margin-top:8px}.elementor-widget-text-editor:not(.elementor-drop-cap-view-default) .elementor-drop-cap-letter{width:1em;height:1em}.elementor-widget-text-editor .elementor-drop-cap{float:left;text-align:center;line-height:1;font-size:50px}.elementor-widget-text-editor .elementor-drop-cap-letter{display:inline-block}<\/style>\t\t\t\t<p><strong>A-Lab Pharma (Arvali Ltd.)<\/strong><\/p>\n<p>Tax number: HU 14586941<\/p>\n<p>Registration No.: 01 09&nbsp;384680<\/p>\n<p>HQ: 1054 Budapest, Szabads\u00e1g t\u00e9r 7. Bank Center, 2nd Floor&nbsp;<\/p>\n<p>Email: <a href=\"mailto:info@alabpharma.hu\">info@alabpharma.hu<\/a><\/p>\n<p><br><\/p>\t\t\t\t\t\t<\/div>\n\t\t\t\t<\/div>\n\t\t\t\t\t<\/div>\n\t\t<\/div>\n\t\t\t\t<div class=\"elementor-column elementor-col-50 elementor-top-column elementor-element elementor-element-c072860\" data-id=\"c072860\" data-element_type=\"column\">\n\t\t\t<div class=\"elementor-widget-wrap elementor-element-populated\">\n\t\t\t\t\t\t<div class=\"elementor-element elementor-element-ae4f460 elementor-widget elementor-widget-heading\" data-id=\"ae4f460\" data-element_type=\"widget\" data-widget_type=\"heading.default\">\n\t\t\t\t<div class=\"elementor-widget-container\">\n\t\t\t<h2 class=\"elementor-heading-title elementor-size-default\">TRADEMARK AND GLOBAL DISTRIBUTION<\/h2>\t\t<\/div>\n\t\t\t\t<\/div>\n\t\t\t\t<div class=\"elementor-element elementor-element-db6adf3 elementor-widget elementor-widget-text-editor\" data-id=\"db6adf3\" data-element_type=\"widget\" data-widget_type=\"text-editor.default\">\n\t\t\t\t<div class=\"elementor-widget-container\">\n\t\t\t\t\t\t\t<p><strong>The Global Wellbeing Society<\/strong><\/p><p>71-75, Shelton Street, Covent Garden, London, WC2H 9JQ<\/p><p>Company number: 12848650<\/p><p>info@thegwbs.com<\/p><p>Phone number: +44 7354 247107<\/p>\t\t\t\t\t\t<\/div>\n\t\t\t\t<\/div>\n\t\t\t\t\t<\/div>\n\t\t<\/div>\n\t\t\t\t\t<\/div>\n\t\t<\/section>\n\t\t\t\t<\/div>\n\t\t","protected":false},"excerpt":{"rendered":"<p>Kapcsolat European Warehouse, distribution A-Lab Pharma (Arvali Ltd.) Tax number: HU 14586941 Registration No.: 01 09&nbsp;384680 HQ: 1054 Budapest, Szabads\u00e1g t\u00e9r 7. Bank Center, 2nd Floor&nbsp; Email: info@alabpharma.hu TRADEMARK AND GLOBAL DISTRIBUTION The Global Wellbeing Society 71-75, Shelton Street, Covent Garden, London, WC2H 9JQ Company&#8230;<\/p>\n","protected":false},"author":1,"featured_media":0,"parent":0,"menu_order":0,"comment_status":"closed","ping_status":"closed","template":"full_width.php","meta":{"footnotes":""},"class_list":["post-306","page","type-page","status-publish","hentry"],"yoast_head":"<!-- This site is optimized with the Yoast SEO plugin v19.10 - https:\/\/yoast.com\/wordpress\/plugins\/seo\/ -->\n<title>Contact - Rapichek<\/title>\n<meta name=\"robots\" content=\"index, follow, max-snippet:-1, max-image-preview:large, max-video-preview:-1\" \/>\n<link rel=\"canonical\" href=\"https:\/\/rapichek.com\/en\/contact\/\" \/>\n<meta property=\"og:locale\" content=\"hu_HU\" \/>\n<meta property=\"og:type\" content=\"article\" \/>\n<meta property=\"og:title\" content=\"Contact - Rapichek\" \/>\n<meta property=\"og:description\" content=\"Kapcsolat European Warehouse, distribution A-Lab Pharma (Arvali Ltd.) Tax number: HU 14586941 Registration No.: 01 09&nbsp;384680 HQ: 1054 Budapest, Szabads\u00e1g t\u00e9r 7. Bank Center, 2nd Floor&nbsp; Email: info@alabpharma.hu TRADEMARK AND GLOBAL DISTRIBUTION The Global Wellbeing Society 71-75, Shelton Street, Covent Garden, London, WC2H 9JQ Company...\" \/>\n<meta property=\"og:url\" content=\"https:\/\/rapichek.com\/en\/contact\/\" \/>\n<meta property=\"og:site_name\" content=\"Rapichek\" \/>\n<meta property=\"article:modified_time\" content=\"2022-11-30T13:55:50+00:00\" \/>\n<meta name=\"twitter:card\" content=\"summary_large_image\" \/>\n<meta name=\"twitter:label1\" content=\"Becs\u00fclt olvas\u00e1si id\u0151\" \/>\n\t<meta name=\"twitter:data1\" content=\"1 perc\" \/>\n<script type=\"application\/ld+json\" class=\"yoast-schema-graph\">{\"@context\":\"https:\/\/schema.org\",\"@graph\":[{\"@type\":\"WebPage\",\"@id\":\"https:\/\/rapichek.com\/en\/contact\/\",\"url\":\"https:\/\/rapichek.com\/en\/contact\/\",\"name\":\"Contact - Rapichek\",\"isPartOf\":{\"@id\":\"https:\/\/rapichek.com\/en\/#website\"},\"datePublished\":\"2021-07-07T08:25:05+00:00\",\"dateModified\":\"2022-11-30T13:55:50+00:00\",\"breadcrumb\":{\"@id\":\"https:\/\/rapichek.com\/en\/contact\/#breadcrumb\"},\"inLanguage\":\"hu\",\"potentialAction\":[{\"@type\":\"ReadAction\",\"target\":[\"https:\/\/rapichek.com\/en\/contact\/\"]}]},{\"@type\":\"BreadcrumbList\",\"@id\":\"https:\/\/rapichek.com\/en\/contact\/#breadcrumb\",\"itemListElement\":[{\"@type\":\"ListItem\",\"position\":1,\"name\":\"Kezd\u0151lap\",\"item\":\"https:\/\/rapichek.com\/en\/\"},{\"@type\":\"ListItem\",\"position\":2,\"name\":\"Contact\"}]},{\"@type\":\"WebSite\",\"@id\":\"https:\/\/rapichek.com\/en\/#website\",\"url\":\"https:\/\/rapichek.com\/en\/\",\"name\":\"Rapichek\",\"description\":\"Egy \u00fajabb WordPress honlap\",\"potentialAction\":[{\"@type\":\"SearchAction\",\"target\":{\"@type\":\"EntryPoint\",\"urlTemplate\":\"https:\/\/rapichek.com\/en\/?s={search_term_string}\"},\"query-input\":\"required name=search_term_string\"}],\"inLanguage\":\"hu\"}]}<\/script>\n<!-- \/ Yoast SEO plugin. -->","yoast_head_json":{"title":"Contact - Rapichek","robots":{"index":"index","follow":"follow","max-snippet":"max-snippet:-1","max-image-preview":"max-image-preview:large","max-video-preview":"max-video-preview:-1"},"canonical":"https:\/\/rapichek.com\/en\/contact\/","og_locale":"hu_HU","og_type":"article","og_title":"Contact - Rapichek","og_description":"Kapcsolat European Warehouse, distribution A-Lab Pharma (Arvali Ltd.) Tax number: HU 14586941 Registration No.: 01 09&nbsp;384680 HQ: 1054 Budapest, Szabads\u00e1g t\u00e9r 7. Bank Center, 2nd Floor&nbsp; Email: info@alabpharma.hu TRADEMARK AND GLOBAL DISTRIBUTION The Global Wellbeing Society 71-75, Shelton Street, Covent Garden, London, WC2H 9JQ Company...","og_url":"https:\/\/rapichek.com\/en\/contact\/","og_site_name":"Rapichek","article_modified_time":"2022-11-30T13:55:50+00:00","twitter_card":"summary_large_image","twitter_misc":{"Becs\u00fclt olvas\u00e1si id\u0151":"1 perc"},"schema":{"@context":"https:\/\/schema.org","@graph":[{"@type":"WebPage","@id":"https:\/\/rapichek.com\/en\/contact\/","url":"https:\/\/rapichek.com\/en\/contact\/","name":"Contact - Rapichek","isPartOf":{"@id":"https:\/\/rapichek.com\/en\/#website"},"datePublished":"2021-07-07T08:25:05+00:00","dateModified":"2022-11-30T13:55:50+00:00","breadcrumb":{"@id":"https:\/\/rapichek.com\/en\/contact\/#breadcrumb"},"inLanguage":"hu","potentialAction":[{"@type":"ReadAction","target":["https:\/\/rapichek.com\/en\/contact\/"]}]},{"@type":"BreadcrumbList","@id":"https:\/\/rapichek.com\/en\/contact\/#breadcrumb","itemListElement":[{"@type":"ListItem","position":1,"name":"Kezd\u0151lap","item":"https:\/\/rapichek.com\/en\/"},{"@type":"ListItem","position":2,"name":"Contact"}]},{"@type":"WebSite","@id":"https:\/\/rapichek.com\/en\/#website","url":"https:\/\/rapichek.com\/en\/","name":"Rapichek","description":"Egy \u00fajabb WordPress honlap","potentialAction":[{"@type":"SearchAction","target":{"@type":"EntryPoint","urlTemplate":"https:\/\/rapichek.com\/en\/?s={search_term_string}"},"query-input":"required name=search_term_string"}],"inLanguage":"hu"}]}},"_links":{"self":[{"href":"https:\/\/rapichek.com\/en\/wp-json\/wp\/v2\/pages\/306"}],"collection":[{"href":"https:\/\/rapichek.com\/en\/wp-json\/wp\/v2\/pages"}],"about":[{"href":"https:\/\/rapichek.com\/en\/wp-json\/wp\/v2\/types\/page"}],"author":[{"embeddable":true,"href":"https:\/\/rapichek.com\/en\/wp-json\/wp\/v2\/users\/1"}],"replies":[{"embeddable":true,"href":"https:\/\/rapichek.com\/en\/wp-json\/wp\/v2\/comments?post=306"}],"version-history":[{"count":42,"href":"https:\/\/rapichek.com\/en\/wp-json\/wp\/v2\/pages\/306\/revisions"}],"predecessor-version":[{"id":1414,"href":"https:\/\/rapichek.com\/en\/wp-json\/wp\/v2\/pages\/306\/revisions\/1414"}],"wp:attachment":[{"href":"https:\/\/rapichek.com\/en\/wp-json\/wp\/v2\/media?parent=306"}],"curies":[{"name":"wp","href":"https:\/\/api.w.org\/{rel}","templated":true}]}}