{"id":369,"date":"2021-07-07T09:03:36","date_gmt":"2021-07-07T09:03:36","guid":{"rendered":"https:\/\/bridge439.qodeinteractive.com\/?page_id=369"},"modified":"2022-11-02T13:40:10","modified_gmt":"2022-11-02T13:40:10","slug":"about","status":"publish","type":"page","link":"https:\/\/rapichek.com\/en\/about\/","title":{"rendered":"About"},"content":{"rendered":"\t\t<div data-elementor-type=\"wp-page\" data-elementor-id=\"369\" class=\"elementor elementor-369\">\n\t\t\t\t\t\t<section class=\"elementor-section elementor-top-section elementor-element elementor-element-aa4bde7 elementor-section-full_width qode_elementor_container_inner elementor-section-height-default elementor-section-height-default parallax_section_no\" data-id=\"aa4bde7\" data-element_type=\"section\">\n\t\t\t\t\t\t<div class=\"elementor-container elementor-column-gap-default\">\n\t\t\t\t\t<div class=\"elementor-column elementor-col-100 elementor-top-column elementor-element elementor-element-224e3f9\" data-id=\"224e3f9\" data-element_type=\"column\">\n\t\t\t<div class=\"elementor-widget-wrap elementor-element-populated\">\n\t\t\t\t\t\t<div class=\"elementor-element elementor-element-4112194 elementor-widget elementor-widget-spacer\" data-id=\"4112194\" data-element_type=\"widget\" data-widget_type=\"spacer.default\">\n\t\t\t\t<div class=\"elementor-widget-container\">\n\t\t\t<style>\/*! elementor - v3.23.0 - 05-08-2024 *\/\n.elementor-column .elementor-spacer-inner{height:var(--spacer-size)}.e-con{--container-widget-width:100%}.e-con-inner>.elementor-widget-spacer,.e-con>.elementor-widget-spacer{width:var(--container-widget-width,var(--spacer-size));--align-self:var(--container-widget-align-self,initial);--flex-shrink:0}.e-con-inner>.elementor-widget-spacer>.elementor-widget-container,.e-con>.elementor-widget-spacer>.elementor-widget-container{height:100%;width:100%}.e-con-inner>.elementor-widget-spacer>.elementor-widget-container>.elementor-spacer,.e-con>.elementor-widget-spacer>.elementor-widget-container>.elementor-spacer{height:100%}.e-con-inner>.elementor-widget-spacer>.elementor-widget-container>.elementor-spacer>.elementor-spacer-inner,.e-con>.elementor-widget-spacer>.elementor-widget-container>.elementor-spacer>.elementor-spacer-inner{height:var(--container-widget-height,var(--spacer-size))}.e-con-inner>.elementor-widget-spacer.elementor-widget-empty,.e-con>.elementor-widget-spacer.elementor-widget-empty{position:relative;min-height:22px;min-width:22px}.e-con-inner>.elementor-widget-spacer.elementor-widget-empty .elementor-widget-empty-icon,.e-con>.elementor-widget-spacer.elementor-widget-empty .elementor-widget-empty-icon{position:absolute;top:0;bottom:0;left:0;right:0;margin:auto;padding:0;width:22px;height:22px}<\/style>\t\t<div class=\"elementor-spacer\">\n\t\t\t<div class=\"elementor-spacer-inner\"><\/div>\n\t\t<\/div>\n\t\t\t\t<\/div>\n\t\t\t\t<\/div>\n\t\t\t\t\t<\/div>\n\t\t<\/div>\n\t\t\t\t\t<\/div>\n\t\t<\/section>\n\t\t\t\t<section class=\"elementor-section elementor-top-section elementor-element elementor-element-a608fd9 elementor-section-boxed elementor-section-height-default elementor-section-height-default parallax_section_no qode_elementor_container_no\" data-id=\"a608fd9\" data-element_type=\"section\">\n\t\t\t\t\t\t<div class=\"elementor-container elementor-column-gap-default\">\n\t\t\t\t\t<div class=\"elementor-column elementor-col-50 elementor-top-column elementor-element elementor-element-779e8d3\" data-id=\"779e8d3\" data-element_type=\"column\">\n\t\t\t<div class=\"elementor-widget-wrap elementor-element-populated\">\n\t\t\t\t\t\t<div class=\"elementor-element elementor-element-e6e44ca elementor-widget elementor-widget-image\" data-id=\"e6e44ca\" data-element_type=\"widget\" data-widget_type=\"image.default\">\n\t\t\t\t<div class=\"elementor-widget-container\">\n\t\t\t<style>\/*! elementor - v3.23.0 - 05-08-2024 *\/\n.elementor-widget-image{text-align:center}.elementor-widget-image a{display:inline-block}.elementor-widget-image a img[src$=\".svg\"]{width:48px}.elementor-widget-image img{vertical-align:middle;display:inline-block}<\/style>\t\t\t\t\t\t\t\t\t\t<img fetchpriority=\"high\" decoding=\"async\" width=\"1000\" height=\"667\" src=\"https:\/\/rapichek.com\/en\/wp-content\/uploads\/2022\/10\/16661953009871645446611146105713-e1666698004203.jpg\" class=\"attachment-large size-large wp-image-717\" alt=\"\" srcset=\"https:\/\/rapichek.com\/en\/wp-content\/uploads\/2022\/10\/16661953009871645446611146105713-e1666698004203.jpg 1000w, https:\/\/rapichek.com\/en\/wp-content\/uploads\/2022\/10\/16661953009871645446611146105713-e1666698004203-300x200.jpg 300w, https:\/\/rapichek.com\/en\/wp-content\/uploads\/2022\/10\/16661953009871645446611146105713-e1666698004203-768x512.jpg 768w, https:\/\/rapichek.com\/en\/wp-content\/uploads\/2022\/10\/16661953009871645446611146105713-e1666698004203-700x467.jpg 700w, https:\/\/rapichek.com\/en\/wp-content\/uploads\/2022\/10\/16661953009871645446611146105713-e1666698004203-20x13.jpg 20w\" sizes=\"(max-width: 1000px) 100vw, 1000px\" \/>\t\t\t\t\t\t\t\t\t\t\t\t\t<\/div>\n\t\t\t\t<\/div>\n\t\t\t\t\t<\/div>\n\t\t<\/div>\n\t\t\t\t<div class=\"elementor-column elementor-col-50 elementor-top-column elementor-element elementor-element-71ada4d\" data-id=\"71ada4d\" data-element_type=\"column\">\n\t\t\t<div class=\"elementor-widget-wrap elementor-element-populated\">\n\t\t\t\t\t\t<div class=\"elementor-element elementor-element-a3039d9 elementor-widget elementor-widget-image\" data-id=\"a3039d9\" data-element_type=\"widget\" data-widget_type=\"image.default\">\n\t\t\t\t<div class=\"elementor-widget-container\">\n\t\t\t\t\t\t\t\t\t\t\t\t\t<img decoding=\"async\" width=\"1024\" height=\"768\" src=\"https:\/\/rapichek.com\/en\/wp-content\/uploads\/2022\/10\/142581_bank-center-3370-1.jpg\" class=\"attachment-large size-large wp-image-432\" alt=\"\" srcset=\"https:\/\/rapichek.com\/en\/wp-content\/uploads\/2022\/10\/142581_bank-center-3370-1.jpg 1024w, https:\/\/rapichek.com\/en\/wp-content\/uploads\/2022\/10\/142581_bank-center-3370-1-300x225.jpg 300w, https:\/\/rapichek.com\/en\/wp-content\/uploads\/2022\/10\/142581_bank-center-3370-1-768x576.jpg 768w, https:\/\/rapichek.com\/en\/wp-content\/uploads\/2022\/10\/142581_bank-center-3370-1-800x600.jpg 800w, https:\/\/rapichek.com\/en\/wp-content\/uploads\/2022\/10\/142581_bank-center-3370-1-700x525.jpg 700w, https:\/\/rapichek.com\/en\/wp-content\/uploads\/2022\/10\/142581_bank-center-3370-1-20x15.jpg 20w\" sizes=\"(max-width: 1024px) 100vw, 1024px\" \/>\t\t\t\t\t\t\t\t\t\t\t\t\t<\/div>\n\t\t\t\t<\/div>\n\t\t\t\t\t<\/div>\n\t\t<\/div>\n\t\t\t\t\t<\/div>\n\t\t<\/section>\n\t\t\t\t<section class=\"elementor-section elementor-top-section elementor-element elementor-element-39e6773 elementor-section-boxed elementor-section-height-default elementor-section-height-default parallax_section_no qode_elementor_container_no\" data-id=\"39e6773\" data-element_type=\"section\">\n\t\t\t\t\t\t<div class=\"elementor-container elementor-column-gap-default\">\n\t\t\t\t\t<div class=\"elementor-column elementor-col-50 elementor-top-column elementor-element elementor-element-17145eb\" data-id=\"17145eb\" data-element_type=\"column\">\n\t\t\t<div class=\"elementor-widget-wrap elementor-element-populated\">\n\t\t\t\t\t\t<div class=\"elementor-element elementor-element-df1fa76 elementor-widget elementor-widget-text-editor\" data-id=\"df1fa76\" data-element_type=\"widget\" data-widget_type=\"text-editor.default\">\n\t\t\t\t<div class=\"elementor-widget-container\">\n\t\t\t<style>\/*! elementor - v3.23.0 - 05-08-2024 *\/\n.elementor-widget-text-editor.elementor-drop-cap-view-stacked .elementor-drop-cap{background-color:#69727d;color:#fff}.elementor-widget-text-editor.elementor-drop-cap-view-framed .elementor-drop-cap{color:#69727d;border:3px solid;background-color:transparent}.elementor-widget-text-editor:not(.elementor-drop-cap-view-default) .elementor-drop-cap{margin-top:8px}.elementor-widget-text-editor:not(.elementor-drop-cap-view-default) .elementor-drop-cap-letter{width:1em;height:1em}.elementor-widget-text-editor .elementor-drop-cap{float:left;text-align:center;line-height:1;font-size:50px}.elementor-widget-text-editor .elementor-drop-cap-letter{display:inline-block}<\/style>\t\t\t\t<p>The Global Wellbeing Society Ltd. (The GWBS)<\/p><p>Covent Garden district London<\/p>\t\t\t\t\t\t<\/div>\n\t\t\t\t<\/div>\n\t\t\t\t\t<\/div>\n\t\t<\/div>\n\t\t\t\t<div class=\"elementor-column elementor-col-50 elementor-top-column elementor-element elementor-element-d27cdee\" data-id=\"d27cdee\" data-element_type=\"column\">\n\t\t\t<div class=\"elementor-widget-wrap elementor-element-populated\">\n\t\t\t\t\t\t<div class=\"elementor-element elementor-element-b1adc8e elementor-widget elementor-widget-text-editor\" data-id=\"b1adc8e\" data-element_type=\"widget\" data-widget_type=\"text-editor.default\">\n\t\t\t\t<div class=\"elementor-widget-container\">\n\t\t\t\t\t\t\t<p>A-Lab Pharma<\/p><p>Budapest City Center<\/p>\t\t\t\t\t\t<\/div>\n\t\t\t\t<\/div>\n\t\t\t\t\t<\/div>\n\t\t<\/div>\n\t\t\t\t\t<\/div>\n\t\t<\/section>\n\t\t\t\t<section class=\"elementor-section elementor-top-section elementor-element elementor-element-3e2b374 elementor-section-boxed elementor-section-height-default elementor-section-height-default parallax_section_no qode_elementor_container_no\" data-id=\"3e2b374\" data-element_type=\"section\">\n\t\t\t\t\t\t<div class=\"elementor-container elementor-column-gap-default\">\n\t\t\t\t\t<div class=\"elementor-column elementor-col-100 elementor-top-column elementor-element elementor-element-688a471\" data-id=\"688a471\" data-element_type=\"column\">\n\t\t\t<div class=\"elementor-widget-wrap elementor-element-populated\">\n\t\t\t\t\t\t<div class=\"elementor-element elementor-element-eb4d287 elementor-widget elementor-widget-spacer\" data-id=\"eb4d287\" data-element_type=\"widget\" data-widget_type=\"spacer.default\">\n\t\t\t\t<div class=\"elementor-widget-container\">\n\t\t\t\t\t<div class=\"elementor-spacer\">\n\t\t\t<div class=\"elementor-spacer-inner\"><\/div>\n\t\t<\/div>\n\t\t\t\t<\/div>\n\t\t\t\t<\/div>\n\t\t\t\t\t<\/div>\n\t\t<\/div>\n\t\t\t\t\t<\/div>\n\t\t<\/section>\n\t\t\t\t<section class=\"elementor-section elementor-top-section elementor-element elementor-element-097d054 elementor-section-boxed elementor-section-height-default elementor-section-height-default parallax_section_no qode_elementor_container_no\" data-id=\"097d054\" data-element_type=\"section\">\n\t\t\t\t\t\t<div class=\"elementor-container elementor-column-gap-default\">\n\t\t\t\t\t<div class=\"elementor-column elementor-col-100 elementor-top-column elementor-element elementor-element-ff0369e\" data-id=\"ff0369e\" data-element_type=\"column\">\n\t\t\t<div class=\"elementor-widget-wrap elementor-element-populated\">\n\t\t\t\t\t\t<div class=\"elementor-element elementor-element-fdf14e2 elementor-widget elementor-widget-heading\" data-id=\"fdf14e2\" data-element_type=\"widget\" data-widget_type=\"heading.default\">\n\t\t\t\t<div class=\"elementor-widget-container\">\n\t\t\t<style>\/*! elementor - v3.23.0 - 05-08-2024 *\/\n.elementor-heading-title{padding:0;margin:0;line-height:1}.elementor-widget-heading .elementor-heading-title[class*=elementor-size-]>a{color:inherit;font-size:inherit;line-height:inherit}.elementor-widget-heading .elementor-heading-title.elementor-size-small{font-size:15px}.elementor-widget-heading .elementor-heading-title.elementor-size-medium{font-size:19px}.elementor-widget-heading .elementor-heading-title.elementor-size-large{font-size:29px}.elementor-widget-heading .elementor-heading-title.elementor-size-xl{font-size:39px}.elementor-widget-heading .elementor-heading-title.elementor-size-xxl{font-size:59px}<\/style><h2 class=\"elementor-heading-title elementor-size-default\">About us<\/h2>\t\t<\/div>\n\t\t\t\t<\/div>\n\t\t\t\t\t<\/div>\n\t\t<\/div>\n\t\t\t\t\t<\/div>\n\t\t<\/section>\n\t\t\t\t<section class=\"elementor-section elementor-top-section elementor-element elementor-element-5bb4d8a elementor-section-full_width qode_elementor_container_inner elementor-section-height-default elementor-section-height-default parallax_section_no\" data-id=\"5bb4d8a\" data-element_type=\"section\">\n\t\t\t\t\t\t<div class=\"elementor-container elementor-column-gap-default\">\n\t\t\t\t\t<div class=\"elementor-column elementor-col-50 elementor-top-column elementor-element elementor-element-1c06159\" data-id=\"1c06159\" data-element_type=\"column\">\n\t\t\t<div class=\"elementor-widget-wrap elementor-element-populated\">\n\t\t\t\t\t\t<div class=\"elementor-element elementor-element-8e2bdfc elementor-widget elementor-widget-text-editor\" data-id=\"8e2bdfc\" data-element_type=\"widget\" data-widget_type=\"text-editor.default\">\n\t\t\t\t<div class=\"elementor-widget-container\">\n\t\t\t\t\t\t\t<p>London-based The Global Wellbeing Society Ltd (GWBS), the owner of the RapiChek trademark, is responsible for the global and UK distribution of the RapiChek product portfolio. The company invests in innovative ideas in health, wellness and smart living, including renewable energy. <br \/>GWBS manages a diverse range of projects. It licenses brands (RapiChek and SOLOR Batteries), while coordinating and overseeing the distribution of its licensed branded products. In addition to its commercial activities, GWBS is increasingly investing its proceeds in wellbeing-focused projects such as the new State of Global Wellbeing report and the Global Beauty and Wellness Awards, the world&#8217;s most prestigious award for sustainable and innovative cosmetics, hotel and food products, now in its third year. <br \/><br \/><br \/><\/p>\t\t\t\t\t\t<\/div>\n\t\t\t\t<\/div>\n\t\t\t\t\t<\/div>\n\t\t<\/div>\n\t\t\t\t<div class=\"elementor-column elementor-col-50 elementor-top-column elementor-element elementor-element-708a9e6\" data-id=\"708a9e6\" data-element_type=\"column\">\n\t\t\t<div class=\"elementor-widget-wrap elementor-element-populated\">\n\t\t\t\t\t\t<div class=\"elementor-element elementor-element-bac0f2f elementor-widget elementor-widget-text-editor\" data-id=\"bac0f2f\" data-element_type=\"widget\" data-widget_type=\"text-editor.default\">\n\t\t\t\t<div class=\"elementor-widget-container\">\n\t\t\t\t\t\t\t<p>Founded in 2008, A-Lab Pharma (Arvali Ltd.) has extensive experience in the medical devices and dietary supplements business. It supports the operation and distribution of the RapiChek brand with a state-of-the-art warehouse in the heart of continental Europe, making RapiChek available in all EU countries within 48-72 hours. The company has a staff of 20 and an estimated revenues of \u20ac4.5 million for 2022.<br \/>In each EU market, RapiChek works with only one or two experienced Master Distributors to ensure brand and sales consistency and consumer education, coordinated and supported by a team of medical, pharmacy, marketing, sales, regulatory and logistics professionals.<\/p>\t\t\t\t\t\t<\/div>\n\t\t\t\t<\/div>\n\t\t\t\t\t<\/div>\n\t\t<\/div>\n\t\t\t\t\t<\/div>\n\t\t<\/section>\n\t\t\t\t<\/div>\n\t\t","protected":false},"excerpt":{"rendered":"<p>The Global Wellbeing Society Ltd. (The GWBS) Covent Garden district London A-Lab Pharma Budapest City Center About us London-based The Global Wellbeing Society Ltd (GWBS), the owner of the RapiChek trademark, is responsible for the global and UK distribution of the RapiChek product portfolio. The&#8230;<\/p>\n","protected":false},"author":1,"featured_media":0,"parent":0,"menu_order":0,"comment_status":"closed","ping_status":"closed","template":"full_width.php","meta":{"footnotes":""},"class_list":["post-369","page","type-page","status-publish","hentry"],"yoast_head":"<!-- This site is optimized with the Yoast SEO plugin v19.10 - https:\/\/yoast.com\/wordpress\/plugins\/seo\/ -->\n<title>About - Rapichek<\/title>\n<meta name=\"robots\" content=\"index, follow, max-snippet:-1, max-image-preview:large, max-video-preview:-1\" \/>\n<link rel=\"canonical\" href=\"https:\/\/rapichek.com\/en\/about\/\" \/>\n<meta property=\"og:locale\" content=\"hu_HU\" \/>\n<meta property=\"og:type\" content=\"article\" \/>\n<meta property=\"og:title\" content=\"About - Rapichek\" \/>\n<meta property=\"og:description\" content=\"The Global Wellbeing Society Ltd. (The GWBS) Covent Garden district London A-Lab Pharma Budapest City Center About us London-based The Global Wellbeing Society Ltd (GWBS), the owner of the RapiChek trademark, is responsible for the global and UK distribution of the RapiChek product portfolio. The...\" \/>\n<meta property=\"og:url\" content=\"https:\/\/rapichek.com\/en\/about\/\" \/>\n<meta property=\"og:site_name\" content=\"Rapichek\" \/>\n<meta property=\"article:modified_time\" content=\"2022-11-02T13:40:10+00:00\" \/>\n<meta property=\"og:image\" content=\"https:\/\/rapichek.com\/en\/wp-content\/uploads\/2022\/10\/16661953009871645446611146105713-e1666698004203.jpg\" \/>\n<meta name=\"twitter:card\" content=\"summary_large_image\" \/>\n<meta name=\"twitter:label1\" content=\"Becs\u00fclt olvas\u00e1si id\u0151\" \/>\n\t<meta name=\"twitter:data1\" content=\"1 perc\" \/>\n<script type=\"application\/ld+json\" class=\"yoast-schema-graph\">{\"@context\":\"https:\/\/schema.org\",\"@graph\":[{\"@type\":\"WebPage\",\"@id\":\"https:\/\/rapichek.com\/en\/about\/\",\"url\":\"https:\/\/rapichek.com\/en\/about\/\",\"name\":\"About - Rapichek\",\"isPartOf\":{\"@id\":\"https:\/\/rapichek.com\/en\/#website\"},\"datePublished\":\"2021-07-07T09:03:36+00:00\",\"dateModified\":\"2022-11-02T13:40:10+00:00\",\"breadcrumb\":{\"@id\":\"https:\/\/rapichek.com\/en\/about\/#breadcrumb\"},\"inLanguage\":\"hu\",\"potentialAction\":[{\"@type\":\"ReadAction\",\"target\":[\"https:\/\/rapichek.com\/en\/about\/\"]}]},{\"@type\":\"BreadcrumbList\",\"@id\":\"https:\/\/rapichek.com\/en\/about\/#breadcrumb\",\"itemListElement\":[{\"@type\":\"ListItem\",\"position\":1,\"name\":\"Kezd\u0151lap\",\"item\":\"https:\/\/rapichek.com\/en\/\"},{\"@type\":\"ListItem\",\"position\":2,\"name\":\"About\"}]},{\"@type\":\"WebSite\",\"@id\":\"https:\/\/rapichek.com\/en\/#website\",\"url\":\"https:\/\/rapichek.com\/en\/\",\"name\":\"Rapichek\",\"description\":\"Egy \u00fajabb WordPress honlap\",\"potentialAction\":[{\"@type\":\"SearchAction\",\"target\":{\"@type\":\"EntryPoint\",\"urlTemplate\":\"https:\/\/rapichek.com\/en\/?s={search_term_string}\"},\"query-input\":\"required name=search_term_string\"}],\"inLanguage\":\"hu\"}]}<\/script>\n<!-- \/ Yoast SEO plugin. -->","yoast_head_json":{"title":"About - Rapichek","robots":{"index":"index","follow":"follow","max-snippet":"max-snippet:-1","max-image-preview":"max-image-preview:large","max-video-preview":"max-video-preview:-1"},"canonical":"https:\/\/rapichek.com\/en\/about\/","og_locale":"hu_HU","og_type":"article","og_title":"About - Rapichek","og_description":"The Global Wellbeing Society Ltd. (The GWBS) Covent Garden district London A-Lab Pharma Budapest City Center About us London-based The Global Wellbeing Society Ltd (GWBS), the owner of the RapiChek trademark, is responsible for the global and UK distribution of the RapiChek product portfolio. The...","og_url":"https:\/\/rapichek.com\/en\/about\/","og_site_name":"Rapichek","article_modified_time":"2022-11-02T13:40:10+00:00","og_image":[{"url":"https:\/\/rapichek.com\/en\/wp-content\/uploads\/2022\/10\/16661953009871645446611146105713-e1666698004203.jpg"}],"twitter_card":"summary_large_image","twitter_misc":{"Becs\u00fclt olvas\u00e1si id\u0151":"1 perc"},"schema":{"@context":"https:\/\/schema.org","@graph":[{"@type":"WebPage","@id":"https:\/\/rapichek.com\/en\/about\/","url":"https:\/\/rapichek.com\/en\/about\/","name":"About - Rapichek","isPartOf":{"@id":"https:\/\/rapichek.com\/en\/#website"},"datePublished":"2021-07-07T09:03:36+00:00","dateModified":"2022-11-02T13:40:10+00:00","breadcrumb":{"@id":"https:\/\/rapichek.com\/en\/about\/#breadcrumb"},"inLanguage":"hu","potentialAction":[{"@type":"ReadAction","target":["https:\/\/rapichek.com\/en\/about\/"]}]},{"@type":"BreadcrumbList","@id":"https:\/\/rapichek.com\/en\/about\/#breadcrumb","itemListElement":[{"@type":"ListItem","position":1,"name":"Kezd\u0151lap","item":"https:\/\/rapichek.com\/en\/"},{"@type":"ListItem","position":2,"name":"About"}]},{"@type":"WebSite","@id":"https:\/\/rapichek.com\/en\/#website","url":"https:\/\/rapichek.com\/en\/","name":"Rapichek","description":"Egy \u00fajabb WordPress honlap","potentialAction":[{"@type":"SearchAction","target":{"@type":"EntryPoint","urlTemplate":"https:\/\/rapichek.com\/en\/?s={search_term_string}"},"query-input":"required name=search_term_string"}],"inLanguage":"hu"}]}},"_links":{"self":[{"href":"https:\/\/rapichek.com\/en\/wp-json\/wp\/v2\/pages\/369"}],"collection":[{"href":"https:\/\/rapichek.com\/en\/wp-json\/wp\/v2\/pages"}],"about":[{"href":"https:\/\/rapichek.com\/en\/wp-json\/wp\/v2\/types\/page"}],"author":[{"embeddable":true,"href":"https:\/\/rapichek.com\/en\/wp-json\/wp\/v2\/users\/1"}],"replies":[{"embeddable":true,"href":"https:\/\/rapichek.com\/en\/wp-json\/wp\/v2\/comments?post=369"}],"version-history":[{"count":42,"href":"https:\/\/rapichek.com\/en\/wp-json\/wp\/v2\/pages\/369\/revisions"}],"predecessor-version":[{"id":1251,"href":"https:\/\/rapichek.com\/en\/wp-json\/wp\/v2\/pages\/369\/revisions\/1251"}],"wp:attachment":[{"href":"https:\/\/rapichek.com\/en\/wp-json\/wp\/v2\/media?parent=369"}],"curies":[{"name":"wp","href":"https:\/\/api.w.org\/{rel}","templated":true}]}}