{"id":449,"date":"2022-10-19T11:09:13","date_gmt":"2022-10-19T11:09:13","guid":{"rendered":"http:\/\/rapichek.com\/?page_id=449"},"modified":"2022-11-29T09:56:47","modified_gmt":"2022-11-29T09:56:47","slug":"rapichek-influenza-a-b-sars-cov-2-rsv-combo-test","status":"publish","type":"page","link":"https:\/\/rapichek.com\/en\/rapichek-influenza-a-b-sars-cov-2-rsv-combo-test\/","title":{"rendered":"RAPICHEK In\ufb02uenza A\/B+COVID-19\/RSV Combo Ag Test"},"content":{"rendered":"\t\t<div data-elementor-type=\"wp-page\" data-elementor-id=\"449\" class=\"elementor elementor-449\">\n\t\t\t\t\t\t<section class=\"elementor-section elementor-top-section elementor-element elementor-element-4b5a7d9 elementor-section-boxed elementor-section-height-default elementor-section-height-default parallax_section_no qode_elementor_container_no\" data-id=\"4b5a7d9\" data-element_type=\"section\">\n\t\t\t\t\t\t<div class=\"elementor-container elementor-column-gap-default\">\n\t\t\t\t\t<div class=\"elementor-column elementor-col-50 elementor-top-column elementor-element elementor-element-18fae03\" data-id=\"18fae03\" data-element_type=\"column\">\n\t\t\t<div class=\"elementor-widget-wrap elementor-element-populated\">\n\t\t\t\t\t\t<div class=\"elementor-element elementor-element-eb03ae8 elementor-widget elementor-widget-text-editor\" data-id=\"eb03ae8\" data-element_type=\"widget\" data-widget_type=\"text-editor.default\">\n\t\t\t\t<div class=\"elementor-widget-container\">\n\t\t\t<style>\/*! elementor - v3.23.0 - 05-08-2024 *\/\n.elementor-widget-text-editor.elementor-drop-cap-view-stacked .elementor-drop-cap{background-color:#69727d;color:#fff}.elementor-widget-text-editor.elementor-drop-cap-view-framed .elementor-drop-cap{color:#69727d;border:3px solid;background-color:transparent}.elementor-widget-text-editor:not(.elementor-drop-cap-view-default) .elementor-drop-cap{margin-top:8px}.elementor-widget-text-editor:not(.elementor-drop-cap-view-default) .elementor-drop-cap-letter{width:1em;height:1em}.elementor-widget-text-editor .elementor-drop-cap{float:left;text-align:center;line-height:1;font-size:50px}.elementor-widget-text-editor .elementor-drop-cap-letter{display:inline-block}<\/style>\t\t\t\t<p>Combined test for the painless detection of<br \/>COVID-19, Influenza A\/B and RSV infection. RSV<br \/>(respiratory syncytial virus) is common in<br \/>adults, too, but is responsible for the majority<br \/>of respiratory infections in children. Infants,<br \/>young children and people over 50-60 years of<br \/>age can have serious consequences therefore<br \/>testing is advised for them.<br \/>\u2022 Result in 15 minutes<br \/>\u2022 Speci\ufb01city: COVID-19: 100%<br \/>In\ufb02uenza A: 99,34% In\ufb02uenza B: 99,67% RSV:<br \/>99,21%<br \/>\u2022 Sensitivity: COVID-19: 99+ % (Ct\u226425), 92%<br \/>Ct\u226430, 89,09% (Ct\u226436) on all PCR positive<br \/>samples including asymptomatic patients.<br \/>In\ufb02uenza A: 100% In\ufb02uenza B: 96% RSV:<br \/>98,98%<\/p>\t\t\t\t\t\t<\/div>\n\t\t\t\t<\/div>\n\t\t\t\t\t<\/div>\n\t\t<\/div>\n\t\t\t\t<div class=\"elementor-column elementor-col-50 elementor-top-column elementor-element elementor-element-19ad5e3\" data-id=\"19ad5e3\" data-element_type=\"column\">\n\t\t\t<div class=\"elementor-widget-wrap elementor-element-populated\">\n\t\t\t\t\t\t<div class=\"elementor-element elementor-element-94ab29a elementor-widget elementor-widget-image\" data-id=\"94ab29a\" data-element_type=\"widget\" data-widget_type=\"image.default\">\n\t\t\t\t<div class=\"elementor-widget-container\">\n\t\t\t<style>\/*! elementor - v3.23.0 - 05-08-2024 *\/\n.elementor-widget-image{text-align:center}.elementor-widget-image a{display:inline-block}.elementor-widget-image a img[src$=\".svg\"]{width:48px}.elementor-widget-image img{vertical-align:middle;display:inline-block}<\/style>\t\t\t\t\t\t\t\t\t\t<img decoding=\"async\" width=\"147\" height=\"300\" src=\"https:\/\/rapichek.com\/en\/wp-content\/uploads\/2022\/10\/influAB__covid_RSV-147x300.png\" class=\"attachment-medium size-medium wp-image-983\" alt=\"\" srcset=\"https:\/\/rapichek.com\/en\/wp-content\/uploads\/2022\/10\/influAB__covid_RSV-147x300.png 147w, https:\/\/rapichek.com\/en\/wp-content\/uploads\/2022\/10\/influAB__covid_RSV-502x1024.png 502w, https:\/\/rapichek.com\/en\/wp-content\/uploads\/2022\/10\/influAB__covid_RSV-700x1429.png 700w, https:\/\/rapichek.com\/en\/wp-content\/uploads\/2022\/10\/influAB__covid_RSV-10x20.png 10w, https:\/\/rapichek.com\/en\/wp-content\/uploads\/2022\/10\/influAB__covid_RSV.png 728w\" sizes=\"(max-width: 147px) 100vw, 147px\" \/>\t\t\t\t\t\t\t\t\t\t\t\t\t<\/div>\n\t\t\t\t<\/div>\n\t\t\t\t<div class=\"elementor-element elementor-element-1dba926 elementor-widget elementor-widget-spacer\" data-id=\"1dba926\" data-element_type=\"widget\" data-widget_type=\"spacer.default\">\n\t\t\t\t<div class=\"elementor-widget-container\">\n\t\t\t<style>\/*! elementor - v3.23.0 - 05-08-2024 *\/\n.elementor-column .elementor-spacer-inner{height:var(--spacer-size)}.e-con{--container-widget-width:100%}.e-con-inner>.elementor-widget-spacer,.e-con>.elementor-widget-spacer{width:var(--container-widget-width,var(--spacer-size));--align-self:var(--container-widget-align-self,initial);--flex-shrink:0}.e-con-inner>.elementor-widget-spacer>.elementor-widget-container,.e-con>.elementor-widget-spacer>.elementor-widget-container{height:100%;width:100%}.e-con-inner>.elementor-widget-spacer>.elementor-widget-container>.elementor-spacer,.e-con>.elementor-widget-spacer>.elementor-widget-container>.elementor-spacer{height:100%}.e-con-inner>.elementor-widget-spacer>.elementor-widget-container>.elementor-spacer>.elementor-spacer-inner,.e-con>.elementor-widget-spacer>.elementor-widget-container>.elementor-spacer>.elementor-spacer-inner{height:var(--container-widget-height,var(--spacer-size))}.e-con-inner>.elementor-widget-spacer.elementor-widget-empty,.e-con>.elementor-widget-spacer.elementor-widget-empty{position:relative;min-height:22px;min-width:22px}.e-con-inner>.elementor-widget-spacer.elementor-widget-empty .elementor-widget-empty-icon,.e-con>.elementor-widget-spacer.elementor-widget-empty .elementor-widget-empty-icon{position:absolute;top:0;bottom:0;left:0;right:0;margin:auto;padding:0;width:22px;height:22px}<\/style>\t\t<div class=\"elementor-spacer\">\n\t\t\t<div class=\"elementor-spacer-inner\"><\/div>\n\t\t<\/div>\n\t\t\t\t<\/div>\n\t\t\t\t<\/div>\n\t\t\t\t<div class=\"elementor-element elementor-element-1b45b75 elementor-align-center elementor-widget elementor-widget-button\" data-id=\"1b45b75\" data-element_type=\"widget\" data-widget_type=\"button.default\">\n\t\t\t\t<div class=\"elementor-widget-container\">\n\t\t\t\t\t<div class=\"elementor-button-wrapper\">\n\t\t\t<a class=\"elementor-button elementor-button-link elementor-size-lg\" href=\"https:\/\/rapidtest-lab.com\/en\/termek\/influenza-a-bcovid-19-rsv-combo-antigen-test\/\">\n\t\t\t\t\t\t<span class=\"elementor-button-content-wrapper\">\n\t\t\t\t\t\t\t\t\t<span class=\"elementor-button-text\">Go to the webshop<\/span>\n\t\t\t\t\t<\/span>\n\t\t\t\t\t<\/a>\n\t\t<\/div>\n\t\t\t\t<\/div>\n\t\t\t\t<\/div>\n\t\t\t\t\t<\/div>\n\t\t<\/div>\n\t\t\t\t\t<\/div>\n\t\t<\/section>\n\t\t\t\t<section class=\"elementor-section elementor-top-section elementor-element elementor-element-78881d0 elementor-section-boxed elementor-section-height-default elementor-section-height-default parallax_section_no qode_elementor_container_no\" data-id=\"78881d0\" data-element_type=\"section\">\n\t\t\t\t\t\t<div class=\"elementor-container elementor-column-gap-default\">\n\t\t\t\t\t<div class=\"elementor-column elementor-col-100 elementor-top-column elementor-element elementor-element-6507ff1\" data-id=\"6507ff1\" data-element_type=\"column\">\n\t\t\t<div class=\"elementor-widget-wrap elementor-element-populated\">\n\t\t\t\t\t\t<div class=\"elementor-element elementor-element-e08f634 elementor-widget elementor-widget-heading\" data-id=\"e08f634\" data-element_type=\"widget\" data-widget_type=\"heading.default\">\n\t\t\t\t<div class=\"elementor-widget-container\">\n\t\t\t<style>\/*! elementor - v3.23.0 - 05-08-2024 *\/\n.elementor-heading-title{padding:0;margin:0;line-height:1}.elementor-widget-heading .elementor-heading-title[class*=elementor-size-]>a{color:inherit;font-size:inherit;line-height:inherit}.elementor-widget-heading .elementor-heading-title.elementor-size-small{font-size:15px}.elementor-widget-heading .elementor-heading-title.elementor-size-medium{font-size:19px}.elementor-widget-heading .elementor-heading-title.elementor-size-large{font-size:29px}.elementor-widget-heading .elementor-heading-title.elementor-size-xl{font-size:39px}.elementor-widget-heading .elementor-heading-title.elementor-size-xxl{font-size:59px}<\/style><h2 class=\"elementor-heading-title elementor-size-default\">RAPICHEK In\ufb02uenza A\/B+COVID-19\/RSV Combo Ag Test \u2013 Test Procedure<\/h2>\t\t<\/div>\n\t\t\t\t<\/div>\n\t\t\t\t<div class=\"elementor-element elementor-element-075f1d7 elementor-widget elementor-widget-text-editor\" data-id=\"075f1d7\" data-element_type=\"widget\" data-widget_type=\"text-editor.default\">\n\t\t\t\t<div class=\"elementor-widget-container\">\n\t\t\t\t\t\t\t<p>1) Remove the foil from the top of the sample collection tube.<br \/>2) Place the tube in the tube rack or the hole on box backside.<br \/>3) Remove a sampling swab from the pouch.<br \/>4) Using the sterile swab provided in the kit, carefully insert the swab into one nostril.<br \/>5) The swab tip should be inserted up to 2-4 cm until resistance is met. Roll the swab 5 times in a circular motion around the inside wall to ensure that both mucus and cells are collected. Using the same swab, repeat this process for the other nostril to ensure that an adequate sample is collected from both nasal cavities.<br \/>6) Withdraw the swab from the nasal cavity.<br \/>7) The specimen is now ready for preparation using the extraction buffer provided in the test kit. Insert the swab in collection tube to the bottom, rotate and squeeze the swab 10 times while pressing the head against the bottom and side of the collection tube.<br \/>8) Leave the swab in the collection tube for 1 minute.<br \/>9) Rotate and squeeze the tube several times with fingers from outside of the tube to immerse the swab. Remove the swab.<br \/>10) Attach the dropper tip firmly onto the tube. Mix thoroughly by swirling or flicking the bottom of the tube.<br \/>11) Remove the test from the sealed pouch. Lay it on a flat, clean and dry surface.<br \/>12) Reverse the sample collection tube, and add 3 drops of test sample by squeezing the collection solution tube into each of the sample well.<br \/>13) Read results at 15 minutes.<\/p><p>\u00a0<\/p><p>Note:<\/p><ul><li>Please use swab for specimen collection. It is highly recommended to collect specimen with wearing a pair of safety gloves to avoid contamination.<\/li><li>Collect sample as soon as after onset of symptoms.<\/li><li>It is recommended to treat the sample immediately after collection.<\/li><li>The test cassette should not be moved or lifted during the test to prevent inaccurate results.<\/li><li>The test is intended to be read at 15 minutes. If the test is read before 10 minutes or is read more than 30 minutes, results may be inaccurate<\/li><\/ul>\t\t\t\t\t\t<\/div>\n\t\t\t\t<\/div>\n\t\t\t\t\t<\/div>\n\t\t<\/div>\n\t\t\t\t\t<\/div>\n\t\t<\/section>\n\t\t\t\t<\/div>\n\t\t","protected":false},"excerpt":{"rendered":"<p>Combined test for the painless detection ofCOVID-19, Influenza A\/B and RSV infection. RSV(respiratory syncytial virus) is common inadults, too, but is responsible for the majorityof respiratory infections in children. Infants,young children and people over 50-60 years ofage can have serious consequences thereforetesting is advised for&#8230;<\/p>\n","protected":false},"author":1,"featured_media":0,"parent":0,"menu_order":0,"comment_status":"closed","ping_status":"closed","template":"","meta":{"footnotes":""},"class_list":["post-449","page","type-page","status-publish","hentry"],"yoast_head":"<!-- This site is optimized with the Yoast SEO plugin v19.10 - https:\/\/yoast.com\/wordpress\/plugins\/seo\/ -->\n<title>RAPICHEK In\ufb02uenza A\/B+COVID-19\/RSV Combo Ag Test - Rapichek<\/title>\n<meta name=\"robots\" content=\"index, follow, max-snippet:-1, max-image-preview:large, max-video-preview:-1\" \/>\n<link rel=\"canonical\" href=\"https:\/\/rapichek.com\/en\/rapichek-influenza-a-b-sars-cov-2-rsv-combo-test\/\" \/>\n<meta property=\"og:locale\" content=\"hu_HU\" \/>\n<meta property=\"og:type\" content=\"article\" \/>\n<meta property=\"og:title\" content=\"RAPICHEK In\ufb02uenza A\/B+COVID-19\/RSV Combo Ag Test - Rapichek\" \/>\n<meta property=\"og:description\" content=\"Combined test for the painless detection ofCOVID-19, Influenza A\/B and RSV infection. RSV(respiratory syncytial virus) is common inadults, too, but is responsible for the majorityof respiratory infections in children. Infants,young children and people over 50-60 years ofage can have serious consequences thereforetesting is advised for...\" \/>\n<meta property=\"og:url\" content=\"https:\/\/rapichek.com\/en\/rapichek-influenza-a-b-sars-cov-2-rsv-combo-test\/\" \/>\n<meta property=\"og:site_name\" content=\"Rapichek\" \/>\n<meta property=\"article:modified_time\" content=\"2022-11-29T09:56:47+00:00\" \/>\n<meta property=\"og:image\" content=\"https:\/\/rapichek.com\/en\/wp-content\/uploads\/2022\/10\/influAB__covid_RSV-147x300.png\" \/>\n<meta name=\"twitter:card\" content=\"summary_large_image\" \/>\n<meta name=\"twitter:label1\" content=\"Becs\u00fclt olvas\u00e1si id\u0151\" \/>\n\t<meta name=\"twitter:data1\" content=\"3 perc\" \/>\n<script type=\"application\/ld+json\" class=\"yoast-schema-graph\">{\"@context\":\"https:\/\/schema.org\",\"@graph\":[{\"@type\":\"WebPage\",\"@id\":\"https:\/\/rapichek.com\/en\/rapichek-influenza-a-b-sars-cov-2-rsv-combo-test\/\",\"url\":\"https:\/\/rapichek.com\/en\/rapichek-influenza-a-b-sars-cov-2-rsv-combo-test\/\",\"name\":\"RAPICHEK In\ufb02uenza A\/B+COVID-19\/RSV Combo Ag Test - Rapichek\",\"isPartOf\":{\"@id\":\"https:\/\/rapichek.com\/en\/#website\"},\"datePublished\":\"2022-10-19T11:09:13+00:00\",\"dateModified\":\"2022-11-29T09:56:47+00:00\",\"breadcrumb\":{\"@id\":\"https:\/\/rapichek.com\/en\/rapichek-influenza-a-b-sars-cov-2-rsv-combo-test\/#breadcrumb\"},\"inLanguage\":\"hu\",\"potentialAction\":[{\"@type\":\"ReadAction\",\"target\":[\"https:\/\/rapichek.com\/en\/rapichek-influenza-a-b-sars-cov-2-rsv-combo-test\/\"]}]},{\"@type\":\"BreadcrumbList\",\"@id\":\"https:\/\/rapichek.com\/en\/rapichek-influenza-a-b-sars-cov-2-rsv-combo-test\/#breadcrumb\",\"itemListElement\":[{\"@type\":\"ListItem\",\"position\":1,\"name\":\"Kezd\u0151lap\",\"item\":\"https:\/\/rapichek.com\/en\/\"},{\"@type\":\"ListItem\",\"position\":2,\"name\":\"RAPICHEK In\ufb02uenza A\/B+COVID-19\/RSV Combo Ag Test\"}]},{\"@type\":\"WebSite\",\"@id\":\"https:\/\/rapichek.com\/en\/#website\",\"url\":\"https:\/\/rapichek.com\/en\/\",\"name\":\"Rapichek\",\"description\":\"Egy \u00fajabb WordPress honlap\",\"potentialAction\":[{\"@type\":\"SearchAction\",\"target\":{\"@type\":\"EntryPoint\",\"urlTemplate\":\"https:\/\/rapichek.com\/en\/?s={search_term_string}\"},\"query-input\":\"required name=search_term_string\"}],\"inLanguage\":\"hu\"}]}<\/script>\n<!-- \/ Yoast SEO plugin. -->","yoast_head_json":{"title":"RAPICHEK In\ufb02uenza A\/B+COVID-19\/RSV Combo Ag Test - Rapichek","robots":{"index":"index","follow":"follow","max-snippet":"max-snippet:-1","max-image-preview":"max-image-preview:large","max-video-preview":"max-video-preview:-1"},"canonical":"https:\/\/rapichek.com\/en\/rapichek-influenza-a-b-sars-cov-2-rsv-combo-test\/","og_locale":"hu_HU","og_type":"article","og_title":"RAPICHEK In\ufb02uenza A\/B+COVID-19\/RSV Combo Ag Test - Rapichek","og_description":"Combined test for the painless detection ofCOVID-19, Influenza A\/B and RSV infection. RSV(respiratory syncytial virus) is common inadults, too, but is responsible for the majorityof respiratory infections in children. Infants,young children and people over 50-60 years ofage can have serious consequences thereforetesting is advised for...","og_url":"https:\/\/rapichek.com\/en\/rapichek-influenza-a-b-sars-cov-2-rsv-combo-test\/","og_site_name":"Rapichek","article_modified_time":"2022-11-29T09:56:47+00:00","og_image":[{"url":"https:\/\/rapichek.com\/en\/wp-content\/uploads\/2022\/10\/influAB__covid_RSV-147x300.png"}],"twitter_card":"summary_large_image","twitter_misc":{"Becs\u00fclt olvas\u00e1si id\u0151":"3 perc"},"schema":{"@context":"https:\/\/schema.org","@graph":[{"@type":"WebPage","@id":"https:\/\/rapichek.com\/en\/rapichek-influenza-a-b-sars-cov-2-rsv-combo-test\/","url":"https:\/\/rapichek.com\/en\/rapichek-influenza-a-b-sars-cov-2-rsv-combo-test\/","name":"RAPICHEK In\ufb02uenza A\/B+COVID-19\/RSV Combo Ag Test - Rapichek","isPartOf":{"@id":"https:\/\/rapichek.com\/en\/#website"},"datePublished":"2022-10-19T11:09:13+00:00","dateModified":"2022-11-29T09:56:47+00:00","breadcrumb":{"@id":"https:\/\/rapichek.com\/en\/rapichek-influenza-a-b-sars-cov-2-rsv-combo-test\/#breadcrumb"},"inLanguage":"hu","potentialAction":[{"@type":"ReadAction","target":["https:\/\/rapichek.com\/en\/rapichek-influenza-a-b-sars-cov-2-rsv-combo-test\/"]}]},{"@type":"BreadcrumbList","@id":"https:\/\/rapichek.com\/en\/rapichek-influenza-a-b-sars-cov-2-rsv-combo-test\/#breadcrumb","itemListElement":[{"@type":"ListItem","position":1,"name":"Kezd\u0151lap","item":"https:\/\/rapichek.com\/en\/"},{"@type":"ListItem","position":2,"name":"RAPICHEK In\ufb02uenza A\/B+COVID-19\/RSV Combo Ag Test"}]},{"@type":"WebSite","@id":"https:\/\/rapichek.com\/en\/#website","url":"https:\/\/rapichek.com\/en\/","name":"Rapichek","description":"Egy \u00fajabb WordPress honlap","potentialAction":[{"@type":"SearchAction","target":{"@type":"EntryPoint","urlTemplate":"https:\/\/rapichek.com\/en\/?s={search_term_string}"},"query-input":"required name=search_term_string"}],"inLanguage":"hu"}]}},"_links":{"self":[{"href":"https:\/\/rapichek.com\/en\/wp-json\/wp\/v2\/pages\/449"}],"collection":[{"href":"https:\/\/rapichek.com\/en\/wp-json\/wp\/v2\/pages"}],"about":[{"href":"https:\/\/rapichek.com\/en\/wp-json\/wp\/v2\/types\/page"}],"author":[{"embeddable":true,"href":"https:\/\/rapichek.com\/en\/wp-json\/wp\/v2\/users\/1"}],"replies":[{"embeddable":true,"href":"https:\/\/rapichek.com\/en\/wp-json\/wp\/v2\/comments?post=449"}],"version-history":[{"count":46,"href":"https:\/\/rapichek.com\/en\/wp-json\/wp\/v2\/pages\/449\/revisions"}],"predecessor-version":[{"id":1397,"href":"https:\/\/rapichek.com\/en\/wp-json\/wp\/v2\/pages\/449\/revisions\/1397"}],"wp:attachment":[{"href":"https:\/\/rapichek.com\/en\/wp-json\/wp\/v2\/media?parent=449"}],"curies":[{"name":"wp","href":"https:\/\/api.w.org\/{rel}","templated":true}]}}