{"id":455,"date":"2022-10-19T11:33:03","date_gmt":"2022-10-19T11:33:03","guid":{"rendered":"http:\/\/rapichek.com\/?page_id=455"},"modified":"2022-11-29T09:58:09","modified_gmt":"2022-11-29T09:58:09","slug":"rapichek-antigen-rapid-test","status":"publish","type":"page","link":"https:\/\/rapichek.com\/en\/rapichek-antigen-rapid-test\/","title":{"rendered":"RAPICHEK SARS-CoV-2 Antigen Rapid Test"},"content":{"rendered":"\t\t<div data-elementor-type=\"wp-page\" data-elementor-id=\"455\" class=\"elementor elementor-455\">\n\t\t\t\t\t\t<section class=\"elementor-section elementor-top-section elementor-element elementor-element-ff86d62 elementor-section-boxed elementor-section-height-default elementor-section-height-default parallax_section_no qode_elementor_container_no\" data-id=\"ff86d62\" data-element_type=\"section\">\n\t\t\t\t\t\t<div class=\"elementor-container elementor-column-gap-default\">\n\t\t\t\t\t<div class=\"elementor-column elementor-col-50 elementor-top-column elementor-element elementor-element-80073fe\" data-id=\"80073fe\" data-element_type=\"column\">\n\t\t\t<div class=\"elementor-widget-wrap elementor-element-populated\">\n\t\t\t\t\t\t<div class=\"elementor-element elementor-element-e22c297 elementor-widget elementor-widget-image\" data-id=\"e22c297\" data-element_type=\"widget\" data-widget_type=\"image.default\">\n\t\t\t\t<div class=\"elementor-widget-container\">\n\t\t\t<style>\/*! elementor - v3.23.0 - 05-08-2024 *\/\n.elementor-widget-image{text-align:center}.elementor-widget-image a{display:inline-block}.elementor-widget-image a img[src$=\".svg\"]{width:48px}.elementor-widget-image img{vertical-align:middle;display:inline-block}<\/style>\t\t\t\t\t\t\t\t\t\t<img decoding=\"async\" width=\"146\" height=\"300\" src=\"https:\/\/rapichek.com\/en\/wp-content\/uploads\/2022\/10\/SARS_COV_2-2-146x300.png\" class=\"attachment-medium size-medium wp-image-982\" alt=\"\" srcset=\"https:\/\/rapichek.com\/en\/wp-content\/uploads\/2022\/10\/SARS_COV_2-2-146x300.png 146w, https:\/\/rapichek.com\/en\/wp-content\/uploads\/2022\/10\/SARS_COV_2-2-500x1024.png 500w, https:\/\/rapichek.com\/en\/wp-content\/uploads\/2022\/10\/SARS_COV_2-2-700x1434.png 700w, https:\/\/rapichek.com\/en\/wp-content\/uploads\/2022\/10\/SARS_COV_2-2-10x20.png 10w, https:\/\/rapichek.com\/en\/wp-content\/uploads\/2022\/10\/SARS_COV_2-2.png 727w\" sizes=\"(max-width: 146px) 100vw, 146px\" \/>\t\t\t\t\t\t\t\t\t\t\t\t\t<\/div>\n\t\t\t\t<\/div>\n\t\t\t\t<div class=\"elementor-element elementor-element-d56bb09 elementor-widget elementor-widget-spacer\" data-id=\"d56bb09\" data-element_type=\"widget\" data-widget_type=\"spacer.default\">\n\t\t\t\t<div class=\"elementor-widget-container\">\n\t\t\t<style>\/*! elementor - v3.23.0 - 05-08-2024 *\/\n.elementor-column .elementor-spacer-inner{height:var(--spacer-size)}.e-con{--container-widget-width:100%}.e-con-inner>.elementor-widget-spacer,.e-con>.elementor-widget-spacer{width:var(--container-widget-width,var(--spacer-size));--align-self:var(--container-widget-align-self,initial);--flex-shrink:0}.e-con-inner>.elementor-widget-spacer>.elementor-widget-container,.e-con>.elementor-widget-spacer>.elementor-widget-container{height:100%;width:100%}.e-con-inner>.elementor-widget-spacer>.elementor-widget-container>.elementor-spacer,.e-con>.elementor-widget-spacer>.elementor-widget-container>.elementor-spacer{height:100%}.e-con-inner>.elementor-widget-spacer>.elementor-widget-container>.elementor-spacer>.elementor-spacer-inner,.e-con>.elementor-widget-spacer>.elementor-widget-container>.elementor-spacer>.elementor-spacer-inner{height:var(--container-widget-height,var(--spacer-size))}.e-con-inner>.elementor-widget-spacer.elementor-widget-empty,.e-con>.elementor-widget-spacer.elementor-widget-empty{position:relative;min-height:22px;min-width:22px}.e-con-inner>.elementor-widget-spacer.elementor-widget-empty .elementor-widget-empty-icon,.e-con>.elementor-widget-spacer.elementor-widget-empty .elementor-widget-empty-icon{position:absolute;top:0;bottom:0;left:0;right:0;margin:auto;padding:0;width:22px;height:22px}<\/style>\t\t<div class=\"elementor-spacer\">\n\t\t\t<div class=\"elementor-spacer-inner\"><\/div>\n\t\t<\/div>\n\t\t\t\t<\/div>\n\t\t\t\t<\/div>\n\t\t\t\t<div class=\"elementor-element elementor-element-c8566bc elementor-align-center elementor-widget elementor-widget-button\" data-id=\"c8566bc\" data-element_type=\"widget\" data-widget_type=\"button.default\">\n\t\t\t\t<div class=\"elementor-widget-container\">\n\t\t\t\t\t<div class=\"elementor-button-wrapper\">\n\t\t\t<a class=\"elementor-button elementor-button-link elementor-size-lg\" href=\"https:\/\/rapidtest-lab.com\/en\/termek\/rapichek-antigen-nasal-rapid-test\/\">\n\t\t\t\t\t\t<span class=\"elementor-button-content-wrapper\">\n\t\t\t\t\t\t\t\t\t<span class=\"elementor-button-text\">Go to webshop<\/span>\n\t\t\t\t\t<\/span>\n\t\t\t\t\t<\/a>\n\t\t<\/div>\n\t\t\t\t<\/div>\n\t\t\t\t<\/div>\n\t\t\t\t\t<\/div>\n\t\t<\/div>\n\t\t\t\t<div class=\"elementor-column elementor-col-50 elementor-top-column elementor-element elementor-element-ce00bd0\" data-id=\"ce00bd0\" data-element_type=\"column\">\n\t\t\t<div class=\"elementor-widget-wrap elementor-element-populated\">\n\t\t\t\t\t\t<div class=\"elementor-element elementor-element-ec9d02b elementor-widget elementor-widget-text-editor\" data-id=\"ec9d02b\" data-element_type=\"widget\" data-widget_type=\"text-editor.default\">\n\t\t\t\t<div class=\"elementor-widget-container\">\n\t\t\t<style>\/*! elementor - v3.23.0 - 05-08-2024 *\/\n.elementor-widget-text-editor.elementor-drop-cap-view-stacked .elementor-drop-cap{background-color:#69727d;color:#fff}.elementor-widget-text-editor.elementor-drop-cap-view-framed .elementor-drop-cap{color:#69727d;border:3px solid;background-color:transparent}.elementor-widget-text-editor:not(.elementor-drop-cap-view-default) .elementor-drop-cap{margin-top:8px}.elementor-widget-text-editor:not(.elementor-drop-cap-view-default) .elementor-drop-cap-letter{width:1em;height:1em}.elementor-widget-text-editor .elementor-drop-cap{float:left;text-align:center;line-height:1;font-size:50px}.elementor-widget-text-editor .elementor-drop-cap-letter{display:inline-block}<\/style>\t\t\t\t<p>For the painless detection of COVID-19 and<br \/>Influenza A\/B infection and infectivity in<br \/>anterior nasal swab samples.<br \/>\u2022 Result in just 10 minutes!<br \/>\u2022 Outstanding Sensitivity: 100% at Ct\u226430<br \/>97,9% at Ct\u226432<br \/>\u2022 Speci\ufb01city: 99.9%<\/p>\t\t\t\t\t\t<\/div>\n\t\t\t\t<\/div>\n\t\t\t\t\t<\/div>\n\t\t<\/div>\n\t\t\t\t\t<\/div>\n\t\t<\/section>\n\t\t\t\t<section class=\"elementor-section elementor-top-section elementor-element elementor-element-6ca19ac elementor-section-boxed elementor-section-height-default elementor-section-height-default parallax_section_no qode_elementor_container_no\" data-id=\"6ca19ac\" data-element_type=\"section\">\n\t\t\t\t\t\t<div class=\"elementor-container elementor-column-gap-default\">\n\t\t\t\t\t<div class=\"elementor-column elementor-col-100 elementor-top-column elementor-element elementor-element-16ef0d2\" data-id=\"16ef0d2\" data-element_type=\"column\">\n\t\t\t<div class=\"elementor-widget-wrap elementor-element-populated\">\n\t\t\t\t\t\t<div class=\"elementor-element elementor-element-090904c elementor-widget elementor-widget-heading\" data-id=\"090904c\" data-element_type=\"widget\" data-widget_type=\"heading.default\">\n\t\t\t\t<div class=\"elementor-widget-container\">\n\t\t\t<style>\/*! elementor - v3.23.0 - 05-08-2024 *\/\n.elementor-heading-title{padding:0;margin:0;line-height:1}.elementor-widget-heading .elementor-heading-title[class*=elementor-size-]>a{color:inherit;font-size:inherit;line-height:inherit}.elementor-widget-heading .elementor-heading-title.elementor-size-small{font-size:15px}.elementor-widget-heading .elementor-heading-title.elementor-size-medium{font-size:19px}.elementor-widget-heading .elementor-heading-title.elementor-size-large{font-size:29px}.elementor-widget-heading .elementor-heading-title.elementor-size-xl{font-size:39px}.elementor-widget-heading .elementor-heading-title.elementor-size-xxl{font-size:59px}<\/style><h2 class=\"elementor-heading-title elementor-size-default\">RAPICHEK SARS-CoV-2 Antigen Rapid Test\nCassette \u2013 Test Procedure<\/h2>\t\t<\/div>\n\t\t\t\t<\/div>\n\t\t\t\t<div class=\"elementor-element elementor-element-9b3dc8b elementor-widget elementor-widget-text-editor\" data-id=\"9b3dc8b\" data-element_type=\"widget\" data-widget_type=\"text-editor.default\">\n\t\t\t\t<div class=\"elementor-widget-container\">\n\t\t\t\t\t\t\t<p>1, Take out the extraction tube and the extraction tube cover, peel off the aluminum foil on the extraction buffer tube carefully and place the tube in the Tube Holder<br \/>2, Remove the swab from the container, being careful NOT to touch the soft end, which is the absorbent tip.<br \/>3, Gently insert the swab into one nostril for 2-4cm (1-2cm for children) until you feel a bit of resistance.<br \/>4,Using medium pressure, rub the swab slowly in a circular motion around the inside wall of your nostril 5 times within 7\u201410 seconds.<br \/>5, Repeat the same process with the same swab in the other nostril.<br \/>6, Insert the swab into the Extraction tube and immerse the entire tip of swab into the extraction reagent.<br \/>7, Soak the sampling swab below the liquid level of the extraction reagent. Rotate the swab and press for about 10 seconds. (Insert the swab into the extraction tube. Roll and press the swab head against the edge of the tube 3 to<br \/>5 times within the extraction reagent)<br \/>8, Squeeze the swab head against the inside of the extraction tube, then take out the swab and place the extraction tube cover \ufb01rmly on the extraction tube. (Squeeze the extraction reagent from the swab tip as you remove the swab stick)<br \/>9, Open the aluminum foil pouch of the test cassette, place the test cassette on a \ufb02at surface.<br \/>10, Lay the cassette \ufb02at and add 2 drops of the treated sample into the sample well of the test cassette. Read the test result after adding the sample for 10 minutes. The result obtained after 30 minutes is invalid.<\/p>\t\t\t\t\t\t<\/div>\n\t\t\t\t<\/div>\n\t\t\t\t\t<\/div>\n\t\t<\/div>\n\t\t\t\t\t<\/div>\n\t\t<\/section>\n\t\t\t\t<\/div>\n\t\t","protected":false},"excerpt":{"rendered":"<p>Go to webshop For the painless detection of COVID-19 andInfluenza A\/B infection and infectivity inanterior nasal swab samples.\u2022 Result in just 10 minutes!\u2022 Outstanding Sensitivity: 100% at Ct\u22643097,9% at Ct\u226432\u2022 Speci\ufb01city: 99.9% RAPICHEK SARS-CoV-2 Antigen Rapid Test Cassette \u2013 Test Procedure 1, Take out the&#8230;<\/p>\n","protected":false},"author":1,"featured_media":0,"parent":0,"menu_order":0,"comment_status":"closed","ping_status":"closed","template":"","meta":{"footnotes":""},"class_list":["post-455","page","type-page","status-publish","hentry"],"yoast_head":"<!-- This site is optimized with the Yoast SEO plugin v19.10 - https:\/\/yoast.com\/wordpress\/plugins\/seo\/ -->\n<title>RAPICHEK SARS-CoV-2 Antigen Rapid Test - Rapichek<\/title>\n<meta name=\"robots\" content=\"index, follow, max-snippet:-1, max-image-preview:large, max-video-preview:-1\" \/>\n<link rel=\"canonical\" href=\"https:\/\/rapichek.com\/en\/rapichek-antigen-rapid-test\/\" \/>\n<meta property=\"og:locale\" content=\"hu_HU\" \/>\n<meta property=\"og:type\" content=\"article\" \/>\n<meta property=\"og:title\" content=\"RAPICHEK SARS-CoV-2 Antigen Rapid Test - Rapichek\" \/>\n<meta property=\"og:description\" content=\"Go to webshop For the painless detection of COVID-19 andInfluenza A\/B infection and infectivity inanterior nasal swab samples.\u2022 Result in just 10 minutes!\u2022 Outstanding Sensitivity: 100% at Ct\u22643097,9% at Ct\u226432\u2022 Speci\ufb01city: 99.9% RAPICHEK SARS-CoV-2 Antigen Rapid Test Cassette \u2013 Test Procedure 1, Take out the...\" \/>\n<meta property=\"og:url\" content=\"https:\/\/rapichek.com\/en\/rapichek-antigen-rapid-test\/\" \/>\n<meta property=\"og:site_name\" content=\"Rapichek\" \/>\n<meta property=\"article:modified_time\" content=\"2022-11-29T09:58:09+00:00\" \/>\n<meta property=\"og:image\" content=\"https:\/\/rapichek.com\/en\/wp-content\/uploads\/2022\/10\/SARS_COV_2-2-146x300.png\" \/>\n<meta name=\"twitter:card\" content=\"summary_large_image\" \/>\n<meta name=\"twitter:label1\" content=\"Becs\u00fclt olvas\u00e1si id\u0151\" \/>\n\t<meta name=\"twitter:data1\" content=\"2 perc\" \/>\n<script type=\"application\/ld+json\" class=\"yoast-schema-graph\">{\"@context\":\"https:\/\/schema.org\",\"@graph\":[{\"@type\":\"WebPage\",\"@id\":\"https:\/\/rapichek.com\/en\/rapichek-antigen-rapid-test\/\",\"url\":\"https:\/\/rapichek.com\/en\/rapichek-antigen-rapid-test\/\",\"name\":\"RAPICHEK SARS-CoV-2 Antigen Rapid Test - Rapichek\",\"isPartOf\":{\"@id\":\"https:\/\/rapichek.com\/en\/#website\"},\"datePublished\":\"2022-10-19T11:33:03+00:00\",\"dateModified\":\"2022-11-29T09:58:09+00:00\",\"breadcrumb\":{\"@id\":\"https:\/\/rapichek.com\/en\/rapichek-antigen-rapid-test\/#breadcrumb\"},\"inLanguage\":\"hu\",\"potentialAction\":[{\"@type\":\"ReadAction\",\"target\":[\"https:\/\/rapichek.com\/en\/rapichek-antigen-rapid-test\/\"]}]},{\"@type\":\"BreadcrumbList\",\"@id\":\"https:\/\/rapichek.com\/en\/rapichek-antigen-rapid-test\/#breadcrumb\",\"itemListElement\":[{\"@type\":\"ListItem\",\"position\":1,\"name\":\"Kezd\u0151lap\",\"item\":\"https:\/\/rapichek.com\/en\/\"},{\"@type\":\"ListItem\",\"position\":2,\"name\":\"RAPICHEK SARS-CoV-2 Antigen Rapid Test\"}]},{\"@type\":\"WebSite\",\"@id\":\"https:\/\/rapichek.com\/en\/#website\",\"url\":\"https:\/\/rapichek.com\/en\/\",\"name\":\"Rapichek\",\"description\":\"Egy \u00fajabb WordPress honlap\",\"potentialAction\":[{\"@type\":\"SearchAction\",\"target\":{\"@type\":\"EntryPoint\",\"urlTemplate\":\"https:\/\/rapichek.com\/en\/?s={search_term_string}\"},\"query-input\":\"required name=search_term_string\"}],\"inLanguage\":\"hu\"}]}<\/script>\n<!-- \/ Yoast SEO plugin. -->","yoast_head_json":{"title":"RAPICHEK SARS-CoV-2 Antigen Rapid Test - Rapichek","robots":{"index":"index","follow":"follow","max-snippet":"max-snippet:-1","max-image-preview":"max-image-preview:large","max-video-preview":"max-video-preview:-1"},"canonical":"https:\/\/rapichek.com\/en\/rapichek-antigen-rapid-test\/","og_locale":"hu_HU","og_type":"article","og_title":"RAPICHEK SARS-CoV-2 Antigen Rapid Test - Rapichek","og_description":"Go to webshop For the painless detection of COVID-19 andInfluenza A\/B infection and infectivity inanterior nasal swab samples.\u2022 Result in just 10 minutes!\u2022 Outstanding Sensitivity: 100% at Ct\u22643097,9% at Ct\u226432\u2022 Speci\ufb01city: 99.9% RAPICHEK SARS-CoV-2 Antigen Rapid Test Cassette \u2013 Test Procedure 1, Take out the...","og_url":"https:\/\/rapichek.com\/en\/rapichek-antigen-rapid-test\/","og_site_name":"Rapichek","article_modified_time":"2022-11-29T09:58:09+00:00","og_image":[{"url":"https:\/\/rapichek.com\/en\/wp-content\/uploads\/2022\/10\/SARS_COV_2-2-146x300.png"}],"twitter_card":"summary_large_image","twitter_misc":{"Becs\u00fclt olvas\u00e1si id\u0151":"2 perc"},"schema":{"@context":"https:\/\/schema.org","@graph":[{"@type":"WebPage","@id":"https:\/\/rapichek.com\/en\/rapichek-antigen-rapid-test\/","url":"https:\/\/rapichek.com\/en\/rapichek-antigen-rapid-test\/","name":"RAPICHEK SARS-CoV-2 Antigen Rapid Test - Rapichek","isPartOf":{"@id":"https:\/\/rapichek.com\/en\/#website"},"datePublished":"2022-10-19T11:33:03+00:00","dateModified":"2022-11-29T09:58:09+00:00","breadcrumb":{"@id":"https:\/\/rapichek.com\/en\/rapichek-antigen-rapid-test\/#breadcrumb"},"inLanguage":"hu","potentialAction":[{"@type":"ReadAction","target":["https:\/\/rapichek.com\/en\/rapichek-antigen-rapid-test\/"]}]},{"@type":"BreadcrumbList","@id":"https:\/\/rapichek.com\/en\/rapichek-antigen-rapid-test\/#breadcrumb","itemListElement":[{"@type":"ListItem","position":1,"name":"Kezd\u0151lap","item":"https:\/\/rapichek.com\/en\/"},{"@type":"ListItem","position":2,"name":"RAPICHEK SARS-CoV-2 Antigen Rapid Test"}]},{"@type":"WebSite","@id":"https:\/\/rapichek.com\/en\/#website","url":"https:\/\/rapichek.com\/en\/","name":"Rapichek","description":"Egy \u00fajabb WordPress honlap","potentialAction":[{"@type":"SearchAction","target":{"@type":"EntryPoint","urlTemplate":"https:\/\/rapichek.com\/en\/?s={search_term_string}"},"query-input":"required name=search_term_string"}],"inLanguage":"hu"}]}},"_links":{"self":[{"href":"https:\/\/rapichek.com\/en\/wp-json\/wp\/v2\/pages\/455"}],"collection":[{"href":"https:\/\/rapichek.com\/en\/wp-json\/wp\/v2\/pages"}],"about":[{"href":"https:\/\/rapichek.com\/en\/wp-json\/wp\/v2\/types\/page"}],"author":[{"embeddable":true,"href":"https:\/\/rapichek.com\/en\/wp-json\/wp\/v2\/users\/1"}],"replies":[{"embeddable":true,"href":"https:\/\/rapichek.com\/en\/wp-json\/wp\/v2\/comments?post=455"}],"version-history":[{"count":31,"href":"https:\/\/rapichek.com\/en\/wp-json\/wp\/v2\/pages\/455\/revisions"}],"predecessor-version":[{"id":1400,"href":"https:\/\/rapichek.com\/en\/wp-json\/wp\/v2\/pages\/455\/revisions\/1400"}],"wp:attachment":[{"href":"https:\/\/rapichek.com\/en\/wp-json\/wp\/v2\/media?parent=455"}],"curies":[{"name":"wp","href":"https:\/\/api.w.org\/{rel}","templated":true}]}}