{"id":449,"date":"2022-10-19T11:09:13","date_gmt":"2022-10-19T11:09:13","guid":{"rendered":"http:\/\/rapichek.com\/?page_id=449"},"modified":"2022-12-07T14:22:11","modified_gmt":"2022-12-07T14:22:11","slug":"rapichek-influenza-a-b-sars-cov-2-rsv","status":"publish","type":"page","link":"https:\/\/rapichek.com\/es\/rapichek-influenza-a-b-sars-cov-2-rsv\/","title":{"rendered":"Tests de ant\u00edgenos combinados de RAPICHECK para gripe A\/B+COVID-19\/VRS"},"content":{"rendered":"\t\t<div data-elementor-type=\"wp-page\" data-elementor-id=\"449\" class=\"elementor elementor-449\">\n\t\t\t\t\t\t<section class=\"elementor-section elementor-top-section elementor-element elementor-element-4b5a7d9 elementor-section-boxed elementor-section-height-default elementor-section-height-default parallax_section_no qode_elementor_container_no\" data-id=\"4b5a7d9\" data-element_type=\"section\">\n\t\t\t\t\t\t<div class=\"elementor-container elementor-column-gap-default\">\n\t\t\t\t\t<div class=\"elementor-column elementor-col-50 elementor-top-column elementor-element elementor-element-18fae03\" data-id=\"18fae03\" data-element_type=\"column\">\n\t\t\t<div class=\"elementor-widget-wrap elementor-element-populated\">\n\t\t\t\t\t\t<div class=\"elementor-element elementor-element-eb03ae8 elementor-widget elementor-widget-text-editor\" data-id=\"eb03ae8\" data-element_type=\"widget\" data-widget_type=\"text-editor.default\">\n\t\t\t\t<div class=\"elementor-widget-container\">\n\t\t\t<style>\/*! elementor - v3.23.0 - 05-08-2024 *\/\n.elementor-widget-text-editor.elementor-drop-cap-view-stacked .elementor-drop-cap{background-color:#69727d;color:#fff}.elementor-widget-text-editor.elementor-drop-cap-view-framed .elementor-drop-cap{color:#69727d;border:3px solid;background-color:transparent}.elementor-widget-text-editor:not(.elementor-drop-cap-view-default) .elementor-drop-cap{margin-top:8px}.elementor-widget-text-editor:not(.elementor-drop-cap-view-default) .elementor-drop-cap-letter{width:1em;height:1em}.elementor-widget-text-editor .elementor-drop-cap{float:left;text-align:center;line-height:1;font-size:50px}.elementor-widget-text-editor .elementor-drop-cap-letter{display:inline-block}<\/style>\t\t\t\t<p>Test combinado para la detecci\u00f3n indolora de la<br \/>infecci\u00f3n por COVID-19, gripe A\/B y VRS. El VRS<br \/>(virus respiratorio sincitial) tambi\u00e9n es com\u00fan en<br \/>los adultos, pero es responsable de la mayor<br \/>parte de infecciones respiratorias en los ni\u00f1os.<br \/>Los beb\u00e9s, los ni\u00f1os peque\u00f1os y las personas de<br \/>m\u00e1s de 50-60 a\u00f1os de edad pueden tener<br \/>consecuencias graves, por lo que se les<br \/>recomienda realizarse pruebas.<br \/>\u2022 Resultado en 15 minutos<br \/>\u2022 Especi\ufb01cidad: COVID-19: 100\u00a0%<br \/>Gripe A: 99,34\u00a0%; gripe B: 99,67\u00a0%; RSV: 99,21\u00a0%<br \/>\u2022 Sensibilidad: COVID-19: m\u00e1s del 99\u00a0% (Ct\u226425),<br \/>92\u00a0% Ct\u226430, 89,09\u00a0% (Ct\u226436) en todas las<\/p><p>muestras de PCR positivas, incluidos los<br \/>pacientes asintom\u00e1ticos. Gripe A: 100\u00a0%; gripe B:<br \/>96\u00a0%; RSV: 98,98\u00a0%<\/p>\t\t\t\t\t\t<\/div>\n\t\t\t\t<\/div>\n\t\t\t\t\t<\/div>\n\t\t<\/div>\n\t\t\t\t<div class=\"elementor-column elementor-col-50 elementor-top-column elementor-element elementor-element-19ad5e3\" data-id=\"19ad5e3\" data-element_type=\"column\">\n\t\t\t<div class=\"elementor-widget-wrap elementor-element-populated\">\n\t\t\t\t\t\t<div class=\"elementor-element elementor-element-94ab29a elementor-widget elementor-widget-image\" data-id=\"94ab29a\" data-element_type=\"widget\" data-widget_type=\"image.default\">\n\t\t\t\t<div class=\"elementor-widget-container\">\n\t\t\t<style>\/*! elementor - v3.23.0 - 05-08-2024 *\/\n.elementor-widget-image{text-align:center}.elementor-widget-image a{display:inline-block}.elementor-widget-image a img[src$=\".svg\"]{width:48px}.elementor-widget-image img{vertical-align:middle;display:inline-block}<\/style>\t\t\t\t\t\t\t\t\t\t<img decoding=\"async\" width=\"147\" height=\"300\" src=\"https:\/\/rapichek.com\/es\/wp-content\/uploads\/2022\/10\/influAB__covid_RSV-147x300.png\" class=\"attachment-medium size-medium wp-image-983\" alt=\"\" srcset=\"https:\/\/rapichek.com\/es\/wp-content\/uploads\/2022\/10\/influAB__covid_RSV-147x300.png 147w, https:\/\/rapichek.com\/es\/wp-content\/uploads\/2022\/10\/influAB__covid_RSV-502x1024.png 502w, https:\/\/rapichek.com\/es\/wp-content\/uploads\/2022\/10\/influAB__covid_RSV-700x1429.png 700w, https:\/\/rapichek.com\/es\/wp-content\/uploads\/2022\/10\/influAB__covid_RSV.png 728w\" sizes=\"(max-width: 147px) 100vw, 147px\" \/>\t\t\t\t\t\t\t\t\t\t\t\t\t<\/div>\n\t\t\t\t<\/div>\n\t\t\t\t<div class=\"elementor-element elementor-element-1dba926 elementor-widget elementor-widget-spacer\" data-id=\"1dba926\" data-element_type=\"widget\" data-widget_type=\"spacer.default\">\n\t\t\t\t<div class=\"elementor-widget-container\">\n\t\t\t<style>\/*! elementor - v3.23.0 - 05-08-2024 *\/\n.elementor-column .elementor-spacer-inner{height:var(--spacer-size)}.e-con{--container-widget-width:100%}.e-con-inner>.elementor-widget-spacer,.e-con>.elementor-widget-spacer{width:var(--container-widget-width,var(--spacer-size));--align-self:var(--container-widget-align-self,initial);--flex-shrink:0}.e-con-inner>.elementor-widget-spacer>.elementor-widget-container,.e-con>.elementor-widget-spacer>.elementor-widget-container{height:100%;width:100%}.e-con-inner>.elementor-widget-spacer>.elementor-widget-container>.elementor-spacer,.e-con>.elementor-widget-spacer>.elementor-widget-container>.elementor-spacer{height:100%}.e-con-inner>.elementor-widget-spacer>.elementor-widget-container>.elementor-spacer>.elementor-spacer-inner,.e-con>.elementor-widget-spacer>.elementor-widget-container>.elementor-spacer>.elementor-spacer-inner{height:var(--container-widget-height,var(--spacer-size))}.e-con-inner>.elementor-widget-spacer.elementor-widget-empty,.e-con>.elementor-widget-spacer.elementor-widget-empty{position:relative;min-height:22px;min-width:22px}.e-con-inner>.elementor-widget-spacer.elementor-widget-empty .elementor-widget-empty-icon,.e-con>.elementor-widget-spacer.elementor-widget-empty .elementor-widget-empty-icon{position:absolute;top:0;bottom:0;left:0;right:0;margin:auto;padding:0;width:22px;height:22px}<\/style>\t\t<div class=\"elementor-spacer\">\n\t\t\t<div class=\"elementor-spacer-inner\"><\/div>\n\t\t<\/div>\n\t\t\t\t<\/div>\n\t\t\t\t<\/div>\n\t\t\t\t<div class=\"elementor-element elementor-element-1b45b75 elementor-align-center elementor-widget elementor-widget-button\" data-id=\"1b45b75\" data-element_type=\"widget\" data-widget_type=\"button.default\">\n\t\t\t\t<div class=\"elementor-widget-container\">\n\t\t\t\t\t<div class=\"elementor-button-wrapper\">\n\t\t\t<a class=\"elementor-button elementor-button-link elementor-size-lg\" href=\"https:\/\/rapidtest-lab.com\/en\/termek\/influenza-a-bcovid-19-rsv-combo-antigen-test\/\">\n\t\t\t\t\t\t<span class=\"elementor-button-content-wrapper\">\n\t\t\t\t\t\t\t\t\t<span class=\"elementor-button-text\">Webshop<\/span>\n\t\t\t\t\t<\/span>\n\t\t\t\t\t<\/a>\n\t\t<\/div>\n\t\t\t\t<\/div>\n\t\t\t\t<\/div>\n\t\t\t\t\t<\/div>\n\t\t<\/div>\n\t\t\t\t\t<\/div>\n\t\t<\/section>\n\t\t\t\t<\/div>\n\t\t","protected":false},"excerpt":{"rendered":"<p>Test combinado para la detecci\u00f3n indolora de lainfecci\u00f3n por COVID-19, gripe A\/B y VRS. El VRS(virus respiratorio sincitial) tambi\u00e9n es com\u00fan enlos adultos, pero es responsable de la mayorparte de infecciones respiratorias en los ni\u00f1os.Los beb\u00e9s, los ni\u00f1os peque\u00f1os y las personas dem\u00e1s de 50-60&#8230;<\/p>\n","protected":false},"author":1,"featured_media":0,"parent":0,"menu_order":0,"comment_status":"closed","ping_status":"closed","template":"","meta":{"footnotes":""},"class_list":["post-449","page","type-page","status-publish","hentry"],"aioseo_notices":[],"_links":{"self":[{"href":"https:\/\/rapichek.com\/es\/wp-json\/wp\/v2\/pages\/449","targetHints":{"allow":["GET"]}}],"collection":[{"href":"https:\/\/rapichek.com\/es\/wp-json\/wp\/v2\/pages"}],"about":[{"href":"https:\/\/rapichek.com\/es\/wp-json\/wp\/v2\/types\/page"}],"author":[{"embeddable":true,"href":"https:\/\/rapichek.com\/es\/wp-json\/wp\/v2\/users\/1"}],"replies":[{"embeddable":true,"href":"https:\/\/rapichek.com\/es\/wp-json\/wp\/v2\/comments?post=449"}],"version-history":[{"count":49,"href":"https:\/\/rapichek.com\/es\/wp-json\/wp\/v2\/pages\/449\/revisions"}],"predecessor-version":[{"id":1283,"href":"https:\/\/rapichek.com\/es\/wp-json\/wp\/v2\/pages\/449\/revisions\/1283"}],"wp:attachment":[{"href":"https:\/\/rapichek.com\/es\/wp-json\/wp\/v2\/media?parent=449"}],"curies":[{"name":"wp","href":"https:\/\/api.w.org\/{rel}","templated":true}]}}