{"id":369,"date":"2021-07-07T09:03:36","date_gmt":"2021-07-07T09:03:36","guid":{"rendered":"https:\/\/bridge439.qodeinteractive.com\/?page_id=369"},"modified":"2022-11-21T16:12:12","modified_gmt":"2022-11-21T16:12:12","slug":"a-propos-de-nous","status":"publish","type":"page","link":"https:\/\/rapichek.com\/fr\/a-propos-de-nous\/","title":{"rendered":"A propos de nous"},"content":{"rendered":"\t\t<div data-elementor-type=\"wp-page\" data-elementor-id=\"369\" class=\"elementor elementor-369\">\n\t\t\t\t\t\t<section class=\"elementor-section elementor-top-section elementor-element elementor-element-aa4bde7 elementor-section-full_width qode_elementor_container_inner elementor-section-height-default elementor-section-height-default parallax_section_no\" data-id=\"aa4bde7\" data-element_type=\"section\">\n\t\t\t\t\t\t<div class=\"elementor-container elementor-column-gap-default\">\n\t\t\t\t\t<div class=\"elementor-column elementor-col-100 elementor-top-column elementor-element elementor-element-224e3f9\" data-id=\"224e3f9\" data-element_type=\"column\">\n\t\t\t<div class=\"elementor-widget-wrap elementor-element-populated\">\n\t\t\t\t\t\t<div class=\"elementor-element elementor-element-4112194 elementor-widget elementor-widget-spacer\" data-id=\"4112194\" data-element_type=\"widget\" data-widget_type=\"spacer.default\">\n\t\t\t\t<div class=\"elementor-widget-container\">\n\t\t\t<style>\/*! elementor - v3.23.0 - 05-08-2024 *\/\n.elementor-column .elementor-spacer-inner{height:var(--spacer-size)}.e-con{--container-widget-width:100%}.e-con-inner>.elementor-widget-spacer,.e-con>.elementor-widget-spacer{width:var(--container-widget-width,var(--spacer-size));--align-self:var(--container-widget-align-self,initial);--flex-shrink:0}.e-con-inner>.elementor-widget-spacer>.elementor-widget-container,.e-con>.elementor-widget-spacer>.elementor-widget-container{height:100%;width:100%}.e-con-inner>.elementor-widget-spacer>.elementor-widget-container>.elementor-spacer,.e-con>.elementor-widget-spacer>.elementor-widget-container>.elementor-spacer{height:100%}.e-con-inner>.elementor-widget-spacer>.elementor-widget-container>.elementor-spacer>.elementor-spacer-inner,.e-con>.elementor-widget-spacer>.elementor-widget-container>.elementor-spacer>.elementor-spacer-inner{height:var(--container-widget-height,var(--spacer-size))}.e-con-inner>.elementor-widget-spacer.elementor-widget-empty,.e-con>.elementor-widget-spacer.elementor-widget-empty{position:relative;min-height:22px;min-width:22px}.e-con-inner>.elementor-widget-spacer.elementor-widget-empty .elementor-widget-empty-icon,.e-con>.elementor-widget-spacer.elementor-widget-empty .elementor-widget-empty-icon{position:absolute;top:0;bottom:0;left:0;right:0;margin:auto;padding:0;width:22px;height:22px}<\/style>\t\t<div class=\"elementor-spacer\">\n\t\t\t<div class=\"elementor-spacer-inner\"><\/div>\n\t\t<\/div>\n\t\t\t\t<\/div>\n\t\t\t\t<\/div>\n\t\t\t\t\t<\/div>\n\t\t<\/div>\n\t\t\t\t\t<\/div>\n\t\t<\/section>\n\t\t\t\t<section class=\"elementor-section elementor-top-section elementor-element elementor-element-a608fd9 elementor-section-boxed elementor-section-height-default elementor-section-height-default parallax_section_no qode_elementor_container_no\" data-id=\"a608fd9\" data-element_type=\"section\">\n\t\t\t\t\t\t<div class=\"elementor-container elementor-column-gap-default\">\n\t\t\t\t\t<div class=\"elementor-column elementor-col-50 elementor-top-column elementor-element elementor-element-779e8d3\" data-id=\"779e8d3\" data-element_type=\"column\">\n\t\t\t<div class=\"elementor-widget-wrap elementor-element-populated\">\n\t\t\t\t\t\t<div class=\"elementor-element elementor-element-e6e44ca elementor-widget elementor-widget-image\" data-id=\"e6e44ca\" data-element_type=\"widget\" data-widget_type=\"image.default\">\n\t\t\t\t<div class=\"elementor-widget-container\">\n\t\t\t<style>\/*! elementor - v3.23.0 - 05-08-2024 *\/\n.elementor-widget-image{text-align:center}.elementor-widget-image a{display:inline-block}.elementor-widget-image a img[src$=\".svg\"]{width:48px}.elementor-widget-image img{vertical-align:middle;display:inline-block}<\/style>\t\t\t\t\t\t\t\t\t\t<img fetchpriority=\"high\" decoding=\"async\" width=\"1000\" height=\"667\" src=\"https:\/\/rapichek.com\/fr\/wp-content\/uploads\/2022\/10\/16661953009871645446611146105713-e1666698004203.jpg\" class=\"attachment-large size-large wp-image-717\" alt=\"\" srcset=\"https:\/\/rapichek.com\/fr\/wp-content\/uploads\/2022\/10\/16661953009871645446611146105713-e1666698004203.jpg 1000w, https:\/\/rapichek.com\/fr\/wp-content\/uploads\/2022\/10\/16661953009871645446611146105713-e1666698004203-300x200.jpg 300w, https:\/\/rapichek.com\/fr\/wp-content\/uploads\/2022\/10\/16661953009871645446611146105713-e1666698004203-768x512.jpg 768w, https:\/\/rapichek.com\/fr\/wp-content\/uploads\/2022\/10\/16661953009871645446611146105713-e1666698004203-700x467.jpg 700w\" sizes=\"(max-width: 1000px) 100vw, 1000px\" \/>\t\t\t\t\t\t\t\t\t\t\t\t\t<\/div>\n\t\t\t\t<\/div>\n\t\t\t\t\t<\/div>\n\t\t<\/div>\n\t\t\t\t<div class=\"elementor-column elementor-col-50 elementor-top-column elementor-element elementor-element-71ada4d\" data-id=\"71ada4d\" data-element_type=\"column\">\n\t\t\t<div class=\"elementor-widget-wrap elementor-element-populated\">\n\t\t\t\t\t\t<div class=\"elementor-element elementor-element-a3039d9 elementor-widget elementor-widget-image\" data-id=\"a3039d9\" data-element_type=\"widget\" data-widget_type=\"image.default\">\n\t\t\t\t<div class=\"elementor-widget-container\">\n\t\t\t\t\t\t\t\t\t\t\t\t\t<img decoding=\"async\" width=\"1024\" height=\"768\" src=\"https:\/\/rapichek.com\/fr\/wp-content\/uploads\/2022\/10\/142581_bank-center-3370-1.jpg\" class=\"attachment-large size-large wp-image-432\" alt=\"\" srcset=\"https:\/\/rapichek.com\/fr\/wp-content\/uploads\/2022\/10\/142581_bank-center-3370-1.jpg 1024w, https:\/\/rapichek.com\/fr\/wp-content\/uploads\/2022\/10\/142581_bank-center-3370-1-300x225.jpg 300w, https:\/\/rapichek.com\/fr\/wp-content\/uploads\/2022\/10\/142581_bank-center-3370-1-768x576.jpg 768w, https:\/\/rapichek.com\/fr\/wp-content\/uploads\/2022\/10\/142581_bank-center-3370-1-800x600.jpg 800w, https:\/\/rapichek.com\/fr\/wp-content\/uploads\/2022\/10\/142581_bank-center-3370-1-700x525.jpg 700w\" sizes=\"(max-width: 1024px) 100vw, 1024px\" \/>\t\t\t\t\t\t\t\t\t\t\t\t\t<\/div>\n\t\t\t\t<\/div>\n\t\t\t\t\t<\/div>\n\t\t<\/div>\n\t\t\t\t\t<\/div>\n\t\t<\/section>\n\t\t\t\t<section class=\"elementor-section elementor-top-section elementor-element elementor-element-39e6773 elementor-section-boxed elementor-section-height-default elementor-section-height-default parallax_section_no qode_elementor_container_no\" data-id=\"39e6773\" data-element_type=\"section\">\n\t\t\t\t\t\t<div class=\"elementor-container elementor-column-gap-default\">\n\t\t\t\t\t<div class=\"elementor-column elementor-col-50 elementor-top-column elementor-element elementor-element-17145eb\" data-id=\"17145eb\" data-element_type=\"column\">\n\t\t\t<div class=\"elementor-widget-wrap elementor-element-populated\">\n\t\t\t\t\t\t<div class=\"elementor-element elementor-element-df1fa76 elementor-widget elementor-widget-text-editor\" data-id=\"df1fa76\" data-element_type=\"widget\" data-widget_type=\"text-editor.default\">\n\t\t\t\t<div class=\"elementor-widget-container\">\n\t\t\t<style>\/*! elementor - v3.23.0 - 05-08-2024 *\/\n.elementor-widget-text-editor.elementor-drop-cap-view-stacked .elementor-drop-cap{background-color:#69727d;color:#fff}.elementor-widget-text-editor.elementor-drop-cap-view-framed .elementor-drop-cap{color:#69727d;border:3px solid;background-color:transparent}.elementor-widget-text-editor:not(.elementor-drop-cap-view-default) .elementor-drop-cap{margin-top:8px}.elementor-widget-text-editor:not(.elementor-drop-cap-view-default) .elementor-drop-cap-letter{width:1em;height:1em}.elementor-widget-text-editor .elementor-drop-cap{float:left;text-align:center;line-height:1;font-size:50px}.elementor-widget-text-editor .elementor-drop-cap-letter{display:inline-block}<\/style>\t\t\t\t<p>The Global Wellbeing Society Ltd. (The GWBS)<\/p><p>Covent Garden district London<\/p>\t\t\t\t\t\t<\/div>\n\t\t\t\t<\/div>\n\t\t\t\t\t<\/div>\n\t\t<\/div>\n\t\t\t\t<div class=\"elementor-column elementor-col-50 elementor-top-column elementor-element elementor-element-d27cdee\" data-id=\"d27cdee\" data-element_type=\"column\">\n\t\t\t<div class=\"elementor-widget-wrap elementor-element-populated\">\n\t\t\t\t\t\t<div class=\"elementor-element elementor-element-b1adc8e elementor-widget elementor-widget-text-editor\" data-id=\"b1adc8e\" data-element_type=\"widget\" data-widget_type=\"text-editor.default\">\n\t\t\t\t<div class=\"elementor-widget-container\">\n\t\t\t\t\t\t\t<p>A-Lab Pharma<\/p><p>Budapest City Center<\/p>\t\t\t\t\t\t<\/div>\n\t\t\t\t<\/div>\n\t\t\t\t\t<\/div>\n\t\t<\/div>\n\t\t\t\t\t<\/div>\n\t\t<\/section>\n\t\t\t\t<section class=\"elementor-section elementor-top-section elementor-element elementor-element-3e2b374 elementor-section-boxed elementor-section-height-default elementor-section-height-default parallax_section_no qode_elementor_container_no\" data-id=\"3e2b374\" data-element_type=\"section\">\n\t\t\t\t\t\t<div class=\"elementor-container elementor-column-gap-default\">\n\t\t\t\t\t<div class=\"elementor-column elementor-col-100 elementor-top-column elementor-element elementor-element-688a471\" data-id=\"688a471\" data-element_type=\"column\">\n\t\t\t<div class=\"elementor-widget-wrap elementor-element-populated\">\n\t\t\t\t\t\t<div class=\"elementor-element elementor-element-eb4d287 elementor-widget elementor-widget-spacer\" data-id=\"eb4d287\" data-element_type=\"widget\" data-widget_type=\"spacer.default\">\n\t\t\t\t<div class=\"elementor-widget-container\">\n\t\t\t\t\t<div class=\"elementor-spacer\">\n\t\t\t<div class=\"elementor-spacer-inner\"><\/div>\n\t\t<\/div>\n\t\t\t\t<\/div>\n\t\t\t\t<\/div>\n\t\t\t\t\t<\/div>\n\t\t<\/div>\n\t\t\t\t\t<\/div>\n\t\t<\/section>\n\t\t\t\t<section class=\"elementor-section elementor-top-section elementor-element elementor-element-097d054 elementor-section-boxed elementor-section-height-default elementor-section-height-default parallax_section_no qode_elementor_container_no\" data-id=\"097d054\" data-element_type=\"section\">\n\t\t\t\t\t\t<div class=\"elementor-container elementor-column-gap-default\">\n\t\t\t\t\t<div class=\"elementor-column elementor-col-100 elementor-top-column elementor-element elementor-element-ff0369e\" data-id=\"ff0369e\" data-element_type=\"column\">\n\t\t\t<div class=\"elementor-widget-wrap elementor-element-populated\">\n\t\t\t\t\t\t<div class=\"elementor-element elementor-element-fdf14e2 elementor-widget elementor-widget-heading\" data-id=\"fdf14e2\" data-element_type=\"widget\" data-widget_type=\"heading.default\">\n\t\t\t\t<div class=\"elementor-widget-container\">\n\t\t\t<style>\/*! elementor - v3.23.0 - 05-08-2024 *\/\n.elementor-heading-title{padding:0;margin:0;line-height:1}.elementor-widget-heading .elementor-heading-title[class*=elementor-size-]>a{color:inherit;font-size:inherit;line-height:inherit}.elementor-widget-heading .elementor-heading-title.elementor-size-small{font-size:15px}.elementor-widget-heading .elementor-heading-title.elementor-size-medium{font-size:19px}.elementor-widget-heading .elementor-heading-title.elementor-size-large{font-size:29px}.elementor-widget-heading .elementor-heading-title.elementor-size-xl{font-size:39px}.elementor-widget-heading .elementor-heading-title.elementor-size-xxl{font-size:59px}<\/style><h2 class=\"elementor-heading-title elementor-size-default\">\u00e0 propos de nous<\/h2>\t\t<\/div>\n\t\t\t\t<\/div>\n\t\t\t\t\t<\/div>\n\t\t<\/div>\n\t\t\t\t\t<\/div>\n\t\t<\/section>\n\t\t\t\t<section class=\"elementor-section elementor-top-section elementor-element elementor-element-5bb4d8a elementor-section-full_width qode_elementor_container_inner elementor-section-height-default elementor-section-height-default parallax_section_no\" data-id=\"5bb4d8a\" data-element_type=\"section\">\n\t\t\t\t\t\t<div class=\"elementor-container elementor-column-gap-default\">\n\t\t\t\t\t<div class=\"elementor-column elementor-col-50 elementor-top-column elementor-element elementor-element-1c06159\" data-id=\"1c06159\" data-element_type=\"column\">\n\t\t\t<div class=\"elementor-widget-wrap elementor-element-populated\">\n\t\t\t\t\t\t<div class=\"elementor-element elementor-element-8e2bdfc elementor-widget elementor-widget-text-editor\" data-id=\"8e2bdfc\" data-element_type=\"widget\" data-widget_type=\"text-editor.default\">\n\t\t\t\t<div class=\"elementor-widget-container\">\n\t\t\t\t\t\t\t<p>The Global Wellbeing Society Ltd., bas\u00e9e \u00e0 Londres. (GWBS), propri\u00e9taire de la marque RapiChek, est responsable de la distribution mondiale et britannique de la gamme de produits RapiChek. La soci\u00e9t\u00e9 investit dans des id\u00e9es novatrices en mati\u00e8re de soins de sant\u00e9, de bien-\u00eatre et de vie intelligente, y compris dans le domaine des \u00e9nergies renouvelables.<\/p><p>GWBS g\u00e8re des projets de nature diverse. Elle octroie des licences aux marques (RapiChek et Solor Batteries), tout en coordonnant et en supervisant la distribution de ses actifs de marques sous licence. En plus de ses activit\u00e9s commerciales, GWBS investira de plus en plus ses recettes dans des projets centr\u00e9s sur le bien-\u00eatre, comme son nouveau rapport sur l&#8217;\u00e9tat du bien-\u00eatre mondial ou le prix le plus prestigieux du monde pour les cosm\u00e9tiques, les h\u00f4tels et les produits alimentaires durables et innovants, les Global Beauty and Wellness Awards depuis 3 ans.<\/p>\t\t\t\t\t\t<\/div>\n\t\t\t\t<\/div>\n\t\t\t\t\t<\/div>\n\t\t<\/div>\n\t\t\t\t<div class=\"elementor-column elementor-col-50 elementor-top-column elementor-element elementor-element-708a9e6\" data-id=\"708a9e6\" data-element_type=\"column\">\n\t\t\t<div class=\"elementor-widget-wrap elementor-element-populated\">\n\t\t\t\t\t\t<div class=\"elementor-element elementor-element-bac0f2f elementor-widget elementor-widget-text-editor\" data-id=\"bac0f2f\" data-element_type=\"widget\" data-widget_type=\"text-editor.default\">\n\t\t\t\t<div class=\"elementor-widget-container\">\n\t\t\t\t\t\t\t<p>A-Lab Pharma (Arvali Ltd.), cr\u00e9\u00e9e en 2008, poss\u00e8de une vaste exp\u00e9rience dans le domaine des dispositifs m\u00e9dicaux et des compl\u00e9ments alimentaires. Elle soutient les op\u00e9rations et la distribution de la marque RapiChek gr\u00e2ce \u00e0 son entrep\u00f4t ultramoderne situ\u00e9 au c\u0153ur de l&#8217;Europe continentale, ce qui rend RapiChek disponible dans tous les pays de l&#8217;UE dans un d\u00e9lai de 48 \u00e0 72 heures. La soci\u00e9t\u00e9 compte 20 employ\u00e9s et son chiffre d&#8217;affaires est estim\u00e9 \u00e0 4,5 millions d&#8217;euros en 2022.<\/p><p>\u00a0<\/p><p>RapiChek travaille uniquement avec un ou deux distributeurs exp\u00e9riment\u00e9s sur chaque march\u00e9 de l&#8217;UE afin d&#8217;assurer la coh\u00e9rence de la marque et des ventes et l&#8217;\u00e9ducation des consommateurs coordonn\u00e9e et soutenue par son \u00e9quipe de professionnels de la m\u00e9decine, des pharmaciens, du marketing, des ventes, de la r\u00e9glementation et de la logistique.\u00a0<\/p>\t\t\t\t\t\t<\/div>\n\t\t\t\t<\/div>\n\t\t\t\t\t<\/div>\n\t\t<\/div>\n\t\t\t\t\t<\/div>\n\t\t<\/section>\n\t\t\t\t<\/div>\n\t\t","protected":false},"excerpt":{"rendered":"<p>The Global Wellbeing Society Ltd. (The GWBS) Covent Garden district London A-Lab Pharma Budapest City Center \u00e0 propos de nous The Global Wellbeing Society Ltd., bas\u00e9e \u00e0 Londres. (GWBS), propri\u00e9taire de la marque RapiChek, est responsable de la distribution mondiale et britannique de la gamme&#8230;<\/p>\n","protected":false},"author":1,"featured_media":0,"parent":0,"menu_order":0,"comment_status":"closed","ping_status":"closed","template":"full_width.php","meta":{"footnotes":""},"class_list":["post-369","page","type-page","status-publish","hentry"],"aioseo_notices":[],"_links":{"self":[{"href":"https:\/\/rapichek.com\/fr\/wp-json\/wp\/v2\/pages\/369","targetHints":{"allow":["GET"]}}],"collection":[{"href":"https:\/\/rapichek.com\/fr\/wp-json\/wp\/v2\/pages"}],"about":[{"href":"https:\/\/rapichek.com\/fr\/wp-json\/wp\/v2\/types\/page"}],"author":[{"embeddable":true,"href":"https:\/\/rapichek.com\/fr\/wp-json\/wp\/v2\/users\/1"}],"replies":[{"embeddable":true,"href":"https:\/\/rapichek.com\/fr\/wp-json\/wp\/v2\/comments?post=369"}],"version-history":[{"count":40,"href":"https:\/\/rapichek.com\/fr\/wp-json\/wp\/v2\/pages\/369\/revisions"}],"predecessor-version":[{"id":1246,"href":"https:\/\/rapichek.com\/fr\/wp-json\/wp\/v2\/pages\/369\/revisions\/1246"}],"wp:attachment":[{"href":"https:\/\/rapichek.com\/fr\/wp-json\/wp\/v2\/media?parent=369"}],"curies":[{"name":"wp","href":"https:\/\/api.w.org\/{rel}","templated":true}]}}